{"id":734,"date":"2017-06-15T11:44:02","date_gmt":"2017-06-15T11:44:02","guid":{"rendered":"https:\/\/www.interadvisors.es\/home\/"},"modified":"2021-02-15T11:11:09","modified_gmt":"2021-02-15T11:11:09","slug":"home","status":"publish","type":"page","link":"https:\/\/www.interadvisors.es\/sv\/","title":{"rendered":"Start"},"content":{"rendered":"<p><section class=\"kc-elm kc-css-390537 kc_row\"><div class=\"kc-row-container  kc-container\"><div class=\"kc-wrap-columns\"><div class=\"kc-elm kc-css-153098 kc_col-sm-12 kc_column kc_col-sm-12\"><div class=\"kc-col-container\">\n\t<!--Main Slider-->\n\t<section class=\"rev_slider_wrapper\">\n    \t\n\t\t\t<!-- START Home 11 REVOLUTION SLIDER 6.2.2 --><p class=\"rs-p-wp-fix\"><\/p>\n\t\t\t<rs-module-wrap id=\"rev_slider_3_1_wrapper\" data-source=\"gallery\" style=\"background:transparent;padding:0;margin:0px auto;margin-top:0;margin-bottom:0;\">\n\t\t\t\t<rs-module id=\"rev_slider_3_1\" style=\"display:none;\" data-version=\"6.2.2\">\n\t\t\t\t\t<rs-slides>\n\t\t\t\t\t\t<rs-slide data-key=\"rs-7\" data-title=\"Slide\" data-thumb=\"\/\/www.interadvisors.es\/wp-content\/uploads\/2021\/02\/5-scaled-100x50.jpg\" data-anim=\"ei:d;eo:d;s:600;r:0;t:fade;sl:d;\">\n\t\t\t\t\t\t\t<img loading=\"lazy\" decoding=\"async\" src=\"\/\/www.interadvisors.es\/wp-content\/uploads\/2021\/02\/5-scaled.jpg\" title=\"5\" width=\"2560\" height=\"1920\" class=\"rev-slidebg\" data-no-retina>\n<!--\n\t\t\t\t\t\t\t--><rs-layer\n\t\t\t\t\t\t\t\tid=\"slider-3-slide-7-layer-1\" \n\t\t\t\t\t\t\t\tdata-type=\"text\"\n\t\t\t\t\t\t\t\tdata-color=\"#ffcc00\"\n\t\t\t\t\t\t\t\tdata-rsp_ch=\"on\"\n\t\t\t\t\t\t\t\tdata-xy=\"x:c;y:c;yo:-125px;\"\n\t\t\t\t\t\t\t\tdata-text=\"s:75;l:22;a:inherit;\"\n\t\t\t\t\t\t\t\tdata-dim=\"h:94px;\"\n\t\t\t\t\t\t\t\tdata-frame_0=\"y:-100%;o:1;tp:600;\"\n\t\t\t\t\t\t\t\tdata-frame_0_mask=\"u:t;\"\n\t\t\t\t\t\t\t\tdata-frame_1=\"tp:600;sp:1500;\"\n\t\t\t\t\t\t\t\tdata-frame_1_mask=\"u:t;\"\n\t\t\t\t\t\t\t\tdata-frame_999=\"o:0;tp:600;st:w;sR:7500;\"\n\t\t\t\t\t\t\t\tstyle=\"z-index:5;font-family:Open Sans;\"\n\t\t\t\t\t\t\t><br\/>Du \u00e4r v\u00e5rt enda bekymmer \n\t\t\t\t\t\t\t<\/rs-layer><!--\n\n\t\t\t\t\t\t\t--><rs-layer\n\t\t\t\t\t\t\t\tid=\"slider-3-slide-7-layer-8\" \n\t\t\t\t\t\t\t\tdata-type=\"text\"\n\t\t\t\t\t\t\t\tdata-color=\"#ffffff\"\n\t\t\t\t\t\t\t\tdata-rsp_ch=\"on\"\n\t\t\t\t\t\t\t\tdata-xy=\"x:c;y:c;yo:-25px;\"\n\t\t\t\t\t\t\t\tdata-text=\"s:36;l:22;a:inherit;\"\n\t\t\t\t\t\t\t\tdata-dim=\"h:63px;\"\n\t\t\t\t\t\t\t\tdata-frame_0=\"y:-100%;o:1;tp:600;\"\n\t\t\t\t\t\t\t\tdata-frame_0_mask=\"u:t;\"\n\t\t\t\t\t\t\t\tdata-frame_1=\"tp:600;sp:1500;\"\n\t\t\t\t\t\t\t\tdata-frame_1_mask=\"u:t;\"\n\t\t\t\t\t\t\t\tdata-frame_999=\"o:0;tp:600;st:w;sR:7500;\"\n\t\t\t\t\t\t\t\tstyle=\"z-index:5;font-family:Open Sans;\"\n\t\t\t\t\t\t\t><br\/>Vi erbjuder dig alla juridiska tj\u00e4nster du beh\u00f6ver i Spanien \n\t\t\t\t\t\t\t<\/rs-layer><!--\n-->\t\t\t\t\t\t<\/rs-slide>\n\t\t\t\t\t\t<rs-slide data-key=\"rs-8\" data-title=\"Slide\" data-thumb=\"\/\/www.interadvisors.es\/wp-content\/uploads\/2021\/02\/6-scaled-100x50.jpg\" data-anim=\"ei:d;eo:d;s:600;r:0;t:fade;sl:d;\">\n\t\t\t\t\t\t\t<img loading=\"lazy\" decoding=\"async\" src=\"\/\/www.interadvisors.es\/wp-content\/uploads\/2021\/02\/6-scaled.jpg\" title=\"6\" width=\"2560\" height=\"1920\" class=\"rev-slidebg\" data-no-retina>\n<!--\n\t\t\t\t\t\t\t--><rs-layer\n\t\t\t\t\t\t\t\tid=\"slider-3-slide-8-layer-1\" \n\t\t\t\t\t\t\t\tdata-type=\"text\"\n\t\t\t\t\t\t\t\tdata-color=\"#ffcc00\"\n\t\t\t\t\t\t\t\tdata-rsp_ch=\"on\"\n\t\t\t\t\t\t\t\tdata-xy=\"x:c;y:c;yo:-120px;\"\n\t\t\t\t\t\t\t\tdata-text=\"w:normal;s:75;l:26;a:center;\"\n\t\t\t\t\t\t\t\tdata-dim=\"h:250px;maxh:146;\"\n\t\t\t\t\t\t\t\tdata-frame_0=\"y:-100%;o:1;tp:600;\"\n\t\t\t\t\t\t\t\tdata-frame_0_mask=\"u:t;\"\n\t\t\t\t\t\t\t\tdata-frame_1=\"tp:600;sp:1500;\"\n\t\t\t\t\t\t\t\tdata-frame_1_mask=\"u:t;\"\n\t\t\t\t\t\t\t\tdata-frame_999=\"o:0;tp:600;st:w;sR:7500;\"\n\t\t\t\t\t\t\t\tstyle=\"z-index:5;font-family:Open Sans;\"\n\t\t\t\t\t\t\t><br \/>Vi erbjuder dig alla juridiska<br \/><br \/><br \/><br \/> tj\u00e4nster du beh\u00f6ver i Spanien \n\t\t\t\t\t\t\t<\/rs-layer><!--\n\n\t\t\t\t\t\t\t--><rs-layer\n\t\t\t\t\t\t\t\tid=\"slider-3-slide-8-layer-3\" \n\t\t\t\t\t\t\t\tdata-type=\"text\"\n\t\t\t\t\t\t\t\tdata-color=\"#000000\"\n\t\t\t\t\t\t\t\tdata-rsp_ch=\"on\"\n\t\t\t\t\t\t\t\tdata-xy=\"x:c;y:c;yo:-10px;\"\n\t\t\t\t\t\t\t\tdata-text=\"s:36;l:22;a:inherit;\"\n\t\t\t\t\t\t\t\tdata-dim=\"h:58px;\"\n\t\t\t\t\t\t\t\tdata-basealign=\"slide\"\n\t\t\t\t\t\t\t\tdata-frame_0=\"y:-100%;o:1;tp:600;\"\n\t\t\t\t\t\t\t\tdata-frame_0_mask=\"u:t;\"\n\t\t\t\t\t\t\t\tdata-frame_1=\"tp:600;sp:2000;\"\n\t\t\t\t\t\t\t\tdata-frame_1_mask=\"u:t;\"\n\t\t\t\t\t\t\t\tdata-frame_999=\"o:0;tp:600;st:w;sR:7000;\"\n\t\t\t\t\t\t\t\tstyle=\"z-index:7;font-family:Open Sans;\"\n\t\t\t\t\t\t\t><br\/> Vi talar engelska, spanska, svenska, tyska och norska\n \n\t\t\t\t\t\t\t<\/rs-layer><!--\n-->\t\t\t\t\t\t<\/rs-slide>\n\t\t\t\t\t\t<rs-slide data-key=\"rs-9\" data-title=\"Slide\" data-thumb=\"\/\/www.interadvisors.es\/wp-content\/uploads\/2021\/02\/4-scaled-100x50.jpg\" data-anim=\"ei:d;eo:d;s:600;r:0;t:fade;sl:d;\">\n\t\t\t\t\t\t\t<img loading=\"lazy\" decoding=\"async\" src=\"\/\/www.interadvisors.es\/wp-content\/uploads\/2021\/02\/4-scaled.jpg\" title=\"4\" width=\"2560\" height=\"1920\" class=\"rev-slidebg\" data-no-retina>\n<!--\n\t\t\t\t\t\t\t--><rs-layer\n\t\t\t\t\t\t\t\tid=\"slider-3-slide-9-layer-1\" \n\t\t\t\t\t\t\t\tdata-type=\"text\"\n\t\t\t\t\t\t\t\tdata-color=\"#ffcc00\"\n\t\t\t\t\t\t\t\tdata-rsp_ch=\"on\"\n\t\t\t\t\t\t\t\tdata-xy=\"x:c;y:c;yo:-125px;\"\n\t\t\t\t\t\t\t\tdata-text=\"s:70;l:22;a:center;\"\n\t\t\t\t\t\t\t\tdata-dim=\"w:1195px;h:101px;\"\n\t\t\t\t\t\t\t\tdata-basealign=\"slide\"\n\t\t\t\t\t\t\t\tdata-frame_0=\"y:-100%;o:1;tp:600;\"\n\t\t\t\t\t\t\t\tdata-frame_0_mask=\"u:t;\"\n\t\t\t\t\t\t\t\tdata-frame_1=\"tp:600;sp:1500;\"\n\t\t\t\t\t\t\t\tdata-frame_1_mask=\"u:t;\"\n\t\t\t\t\t\t\t\tdata-frame_999=\"o:0;tp:600;st:w;sR:7500;\"\n\t\t\t\t\t\t\t\tstyle=\"z-index:5;font-family:Open Sans;\"\n\t\t\t\t\t\t\t><br\/>\nK\u00f6p eller s\u00e4lj ditt hus i Spanien \n\t\t\t\t\t\t\t<\/rs-layer><!--\n\n\t\t\t\t\t\t\t--><rs-layer\n\t\t\t\t\t\t\t\tid=\"slider-3-slide-9-layer-9\" \n\t\t\t\t\t\t\t\tdata-type=\"text\"\n\t\t\t\t\t\t\t\tdata-color=\"#666666\"\n\t\t\t\t\t\t\t\tdata-rsp_ch=\"on\"\n\t\t\t\t\t\t\t\tdata-xy=\"x:c;y:c;yo:50px;\"\n\t\t\t\t\t\t\t\tdata-text=\"s:36;l:22;a:center;\"\n\t\t\t\t\t\t\t\tdata-dim=\"h:97px;\"\n\t\t\t\t\t\t\t\tdata-frame_0=\"y:-100%;o:1;tp:600;\"\n\t\t\t\t\t\t\t\tdata-frame_0_mask=\"u:t;\"\n\t\t\t\t\t\t\t\tdata-frame_1=\"tp:600;sp:1500;\"\n\t\t\t\t\t\t\t\tdata-frame_1_mask=\"u:t;\"\n\t\t\t\t\t\t\t\tdata-frame_999=\"o:0;tp:600;st:w;sR:7500;\"\n\t\t\t\t\t\t\t\tstyle=\"z-index:5;font-family:Open Sans;\"\n\t\t\t\t\t\t\t><br\/>Vi har gjort m\u00e5nga m\u00e4nniskors dr\u00f6mmar uppfyllda i flera \u00e5r \n\t\t\t\t\t\t\t<\/rs-layer><!--\n-->\t\t\t\t\t\t<\/rs-slide>\n\t\t\t\t\t<\/rs-slides>\n\t\t\t\t\t<rs-progress class=\"rs-bottom\" style=\"visibility: hidden !important;\"><\/rs-progress>\n\t\t\t\t<\/rs-module>\n\t\t\t\t<script type=\"text\/javascript\">\n\t\t\t\t\tsetREVStartSize({c: 'rev_slider_3_1',rl:[1240,1024,778,480],el:[800],gw:[1200],gh:[800],type:'standard',justify:'',layout:'fullwidth',mh:\"0\"});\n\t\t\t\t\tvar\trevapi3,\n\t\t\t\t\t\ttpj;\n\t\t\t\t\tjQuery(function() {\n\t\t\t\t\t\ttpj = jQuery;\n\t\t\t\t\t\tif(tpj(\"#rev_slider_3_1\").revolution == undefined){\n\t\t\t\t\t\t\trevslider_showDoubleJqueryError(\"#rev_slider_3_1\");\n\t\t\t\t\t\t}else{\n\t\t\t\t\t\t\trevapi3 = tpj(\"#rev_slider_3_1\").show().revolution({\n\t\t\t\t\t\t\t\tjsFileLocation:\"\/\/www.interadvisors.es\/wp-content\/plugins\/revslider\/public\/assets\/js\/\",\n\t\t\t\t\t\t\t\tsliderLayout:\"fullwidth\",\n\t\t\t\t\t\t\t\tvisibilityLevels:\"1240,1024,778,480\",\n\t\t\t\t\t\t\t\tgridwidth:1200,\n\t\t\t\t\t\t\t\tgridheight:800,\n\t\t\t\t\t\t\t\tspinner:\"spinner0\",\n\t\t\t\t\t\t\t\teditorheight:\"800,768,960,720\",\n\t\t\t\t\t\t\t\tresponsiveLevels:\"1240,1024,778,480\",\n\t\t\t\t\t\t\t\tdisableProgressBar:\"on\",\n\t\t\t\t\t\t\t\tnavigation: {\n\t\t\t\t\t\t\t\t\tmouseScrollNavigation:false,\n\t\t\t\t\t\t\t\t\tonHoverStop:false,\n\t\t\t\t\t\t\t\t\tarrows: {\n\t\t\t\t\t\t\t\t\t\tenable:true,\n\t\t\t\t\t\t\t\t\t\tstyle:\"persephone\",\n\t\t\t\t\t\t\t\t\t\tleft: {\n\n\t\t\t\t\t\t\t\t\t\t},\n\t\t\t\t\t\t\t\t\t\tright: {\n\n\t\t\t\t\t\t\t\t\t\t}\n\t\t\t\t\t\t\t\t\t}\n\t\t\t\t\t\t\t\t},\n\t\t\t\t\t\t\t\tfallbacks: {\n\t\t\t\t\t\t\t\t\tallowHTML5AutoPlayOnAndroid:true\n\t\t\t\t\t\t\t\t},\n\t\t\t\t\t\t\t});\n\t\t\t\t\t\t}\n\t\t\t\t\t\t\n\t\t\t\t\t});\n\t\t\t\t<\/script>\n\t\t\t\t<script>\n\t\t\t\t\tvar htmlDivCss = unescape(\"%23rev_slider_3_1_wrapper%20.persephone.tparrows%20%7B%0A%09cursor%3Apointer%3B%0A%09background%3Argba%28201%2C201%2C201%2C0.75%29%3B%0A%09width%3A40px%3B%0A%09height%3A40px%3B%0A%09position%3Aabsolute%3B%0A%09display%3Ablock%3B%0A%09z-index%3A1000%3B%0A%20%20%20%20border%3A1px%20solid%20%23ffffff%3B%0A%7D%0A%23rev_slider_3_1_wrapper%20.persephone.tparrows%3Ahover%20%7B%0A%09background%3A%23000000%3B%0A%7D%0A%23rev_slider_3_1_wrapper%20.persephone.tparrows%3Abefore%20%7B%0A%09font-family%3A%20%27revicons%27%3B%0A%09font-size%3A15px%3B%0A%09color%3A%20%23ffffff%3B%0A%09display%3Ablock%3B%0A%09line-height%3A%2040px%3B%0A%09text-align%3A%20center%3B%0A%7D%0A%23rev_slider_3_1_wrapper%20.persephone.tparrows.tp-leftarrow%3Abefore%20%7B%0A%09content%3A%20%27%5Ce824%27%3B%0A%7D%0A%23rev_slider_3_1_wrapper%20.persephone.tparrows.tp-rightarrow%3Abefore%20%7B%0A%09content%3A%20%27%5Ce825%0A%27%3B%0A%7D%0A%0A%0A\");\n\t\t\t\t\tvar htmlDiv = document.getElementById('rs-plugin-settings-inline-css');\n\t\t\t\t\tif(htmlDiv) {\n\t\t\t\t\t\thtmlDiv.innerHTML = htmlDiv.innerHTML + htmlDivCss;\n\t\t\t\t\t}else{\n\t\t\t\t\t\tvar htmlDiv = document.createElement('div');\n\t\t\t\t\t\thtmlDiv.innerHTML = '<style>' + htmlDivCss + '<\/style>';\n\t\t\t\t\t\tdocument.getElementsByTagName('head')[0].appendChild(htmlDiv.childNodes[0]);\n\t\t\t\t\t}\n\t\t\t\t<\/script>\n\t\t\t\t<script>\n\t\t\t\t\tvar htmlDivCss = unescape(\"%0A%0A%0A\");\n\t\t\t\t\tvar htmlDiv = document.getElementById('rs-plugin-settings-inline-css');\n\t\t\t\t\tif(htmlDiv) {\n\t\t\t\t\t\thtmlDiv.innerHTML = htmlDiv.innerHTML + htmlDivCss;\n\t\t\t\t\t}else{\n\t\t\t\t\t\tvar htmlDiv = document.createElement('div');\n\t\t\t\t\t\thtmlDiv.innerHTML = '<style>' + htmlDivCss + '<\/style>';\n\t\t\t\t\t\tdocument.getElementsByTagName('head')[0].appendChild(htmlDiv.childNodes[0]);\n\t\t\t\t\t}\n\t\t\t\t<\/script>\n\t\t\t<\/rs-module-wrap>\n\t\t\t<!-- END REVOLUTION SLIDER -->\n\t<\/section>\n\t<!--End Main Slider-->\n\n<\/div><\/div><\/div><\/div><\/section><section class=\"kc-elm kc-css-931591 kc-animated kc-animate-eff-bounceIn kc_row\"><div class=\"kc-row-container\"><div class=\"kc-wrap-columns\"><div class=\"kc-elm kc-css-451447 kc_col-sm-12 kc_column kc_col-sm-12\"><div class=\"kc-col-container\"><\/div><\/div><\/div><\/div><\/section><section class=\"kc-elm kc-css-521894 kc_row\"><div class=\"kc-row-container  kc-container\"><div class=\"kc-wrap-columns\"><div class=\"kc-elm kc-css-664203 kc_col-sm-12 kc_column kc_col-sm-12\"><div class=\"kc-col-container\"><!--Start about area-->  \n<section class=\"about-area sec-padding\">\n    <div class=\"container\">\n        <div class=\"sec-title pdb-50 text-center\">\n            <h1>Om oss<\/h1>\n            <span class=\"border-center\"><\/span>\n        <\/div>\n        <div class=\"row\">\n            <div class=\"col-lg-6 col-md-12\">\n                <div class=\"img-holder\">\n                    <img decoding=\"async\" src=\"https:\/\/www.interadvisors.es\/wp-content\/uploads\/2021\/02\/1-scaled.jpg\" alt=\"Awesome Image\">\n                <\/div>\n            <\/div>\n            <div class=\"col-lg-6 col-md-12\">\n                <div class=\"text-holder\">\n                    <div class=\"top-text\">\n                        <h3> M\u00e5nga \u00e5r som hj\u00e4lper m\u00e4nniskor att njuta av Spanien<\/h3>  \n                        <p>Vi har stor erfarenhet av att arbeta i Orihuela Costa och Torrevieja, vilket g\u00f6r att m\u00e4nniskors dr\u00f6mmar g\u00e5r i uppfyllelse med v\u00e5ra juridiska l\u00f6sningar. Gl\u00f6m byr\u00e5kratins besv\u00e4r. Vi g\u00f6r det enkelt! Vi \u00e4r experter p\u00e5 dina juridiska behov<\/p> \n                    <\/div>\n                    <div class=\"bottom-text\">\n                        <span>P\u00e5litlig och s\u00e4ker<\/span>\n                        <p>Vi hj\u00e4lper dig med en skr\u00e4ddarsydd, personlig, n\u00e4stan och transparent process med allt du beh\u00f6ver. Vi kan hj\u00e4lpa dig att hitta, k\u00f6pa och s\u00e4lja din fastighet i Spanien. Vi kan hj\u00e4lpa dig med ditt arv, f\u00f6rmedling och m\u00e5nga olika juridiska processer. Uppt\u00e4ck alla v\u00e5ra tj\u00e4nster!<\/p>\n                    <\/div>\n                    <div class=\"bottom\">\n                        <a class=\"readmore thm-btn bgclr-1\" href=\"\/sv\/services\/\">V\u00e5ra tj\u00e4nster<\/a>\n                        <div class=\"signature\">\n                            <img decoding=\"async\" src=\"https:\/\/www.interadvisors.es\/wp-content\/uploads\/2020\/09\/logo-small.png\" alt=\"Signature\">\n                        <\/div>\n                    <\/div>\n                <\/div>\n            <\/div>\n        <\/div>\n        <div class=\"promotion-box\">\n            <div class=\"row\">\n                            <\/div>\n        <\/div>\n    <\/div>\n<\/section>           \n<!--End about area--> <\/div><\/div><\/div><\/div><\/section><section class=\"kc-elm kc-css-940611 kc_row\"><div class=\"kc-row-container  kc-container\"><div class=\"kc-wrap-columns\"><div class=\"kc-elm kc-css-810508 kc_col-sm-4 kc_column kc_col-sm-4\"><div class=\"kc-col-container\"><div class=\"kc-elm kc-css-996564 kc-animated kc-animate-eff-bounceInLeft kc-icon-wrapper\">\n\t\t<i class=\"fa-briefcase\"><\/i>\n\t<\/div>\n<div class=\"kc-elm kc-css-308472 kc-animated kc-animate-eff-bounceInLeft kc_text_block\"><\/p>\n<h3>Arv<\/h3>\n<hr \/>\n<p>Att arva tillg\u00e5ngar kan vara en sv\u00e5r process om du \u00e4r os\u00e4ker p\u00e5 hur spansk skift- och arvsr\u00e4tt fungerar. Oavsett om du \u00e4r namngiven i ett testamente eller om du tror att du har r\u00e4tt till en andel av den avlidnes egendom, \u00e4r det viktigt att f\u00e5 oberoende juridisk r\u00e5dgivning.<\/p>\n<p>\n<\/div><\/div><\/div><div class=\"kc-elm kc-css-51018 kc_col-sm-4 kc_column kc_col-sm-4\"><div class=\"kc-col-container\"><div class=\"kc-elm kc-css-282116 kc-animated kc-animate-eff-bounceInDown kc-icon-wrapper\">\n\t\t<i class=\"fa-id-card\"><\/i>\n\t<\/div>\n<div class=\"kc-elm kc-css-806213 kc-animated kc-animate-eff-bounceInDown kc_text_block\"><\/p>\n<h3>NIE<\/h3>\n<hr \/>\n<p>NIE-numret utf\u00e4rdas av den nationella polisen och enligt spansk lag \u00e4r det ett krav f\u00f6r alla individer som bedriver n\u00e5gon typ av verksamhet i Spanien som handlar om att k\u00f6pa eller s\u00e4lja f\u00f6rem\u00e5l. Den spanska regeringen har kopplat NIE-numret till olika andra avdelningar som socialf\u00f6rs\u00e4kring och bostad.<\/p>\n<p>\n<\/div><\/div><\/div><div class=\"kc-elm kc-css-428637 kc_col-sm-4 kc_column kc_col-sm-4\"><div class=\"kc-col-container\"><div class=\"kc-elm kc-css-552083 kc-animated kc-animate-eff-bounceInRight kc-icon-wrapper\">\n\t\t<i class=\"fa-home\"><\/i>\n\t<\/div>\n<div class=\"kc-elm kc-css-404118 kc-animated kc-animate-eff-bounceInRight kc_text_block\"><\/p>\n<h3>Bost\u00e4der<\/h3>\n<hr \/>\n<p>Om du bor i Spanien mer \u00e4n 183 dagar om \u00e5ret kommer du att klassificeras som bosatt och d\u00e4rf\u00f6r m\u00e5ste du ans\u00f6ka om uppeh\u00e5llstillst\u00e5nd, presentera inkomstdeklarationen och i till\u00e4mpliga fall deklarationsformul\u00e4ret 720.<\/p>\n<p>\n<\/div><\/div><\/div><\/div><\/div><\/section><section class=\"kc-elm kc-css-629934 kc_row\"><div class=\"kc-row-container  kc-container\"><div class=\"kc-wrap-columns\"><div class=\"kc-elm kc-css-835206 kc_col-sm-4 kc_column kc_col-sm-4\"><div class=\"kc-col-container\"><div class=\"kc-elm kc-css-376511 kc-animated kc-animate-eff-bounceInLeft kc-icon-wrapper\">\n\t\t<i class=\"et-document\"><\/i>\n\t<\/div>\n<div class=\"kc-elm kc-css-747133 kc-animated kc-animate-eff-bounceInLeft kc_text_block\"><\/p>\n<h3>Testamenten<\/h3>\n<hr \/>\n<p>Den b\u00e4sta anledningen att g\u00f6ra en spansk testamente \u00e4r att det kommer att g\u00f6ra det mycket l\u00e4ttare att hantera din spanska arv efter din d\u00f6d. Tack och lov \u00e4r vi h\u00e4r f\u00f6r att hj\u00e4lpa till.<\/p>\n<p>\n<\/div><\/div><\/div><div class=\"kc-elm kc-css-432968 kc_col-sm-4 kc_column kc_col-sm-4\"><div class=\"kc-col-container\"><div class=\"kc-elm kc-css-405513 kc-animated kc-animate-eff-bounceInDown kc-icon-wrapper\">\n\t\t<i class=\"fa-heartbeat\"><\/i>\n\t<\/div>\n<div class=\"kc-elm kc-css-470958 kc-animated kc-animate-eff-bounceInDown kc_text_block\"><\/p>\n<h3>F\u00f6rs\u00e4kringar<\/h3>\n<hr \/>\n<p>Vi arbetar med flera f\u00f6retag. Var inte orolig f\u00f6r din bil, ditt hem, inte ens din h\u00e4lsa. Vi tar hand om allt.<\/p>\n<p>\n<\/div><\/div><\/div><div class=\"kc-elm kc-css-714256 kc_col-sm-4 kc_column kc_col-sm-4\"><div class=\"kc-col-container\"><div class=\"kc-elm kc-css-36989 kc-animated kc-animate-eff-bounceInRight kc-icon-wrapper\">\n\t\t<i class=\"fab-black-tie\"><\/i>\n\t<\/div>\n<div class=\"kc-elm kc-css-375219 kc-animated kc-animate-eff-bounceInRight kc_text_block\"><\/p>\n<h3>Fiskal representation<\/h3>\n<hr \/>\n<p>Icke-bosatta skattebetalare m\u00e5ste utse en skatterepresentant i de fall som anges i artikel 10 i inkomstskattelagen f\u00f6r icke-bosatta (kungligt dekret 5\/2004).<\/p>\n<p>\n<\/div><\/div><\/div><\/div><\/div><\/section><section class=\"kc-elm kc-css-511962 kc_row\"><div class=\"kc-row-container\"><div class=\"kc-wrap-columns\"><div class=\"kc-elm kc-css-331409 kc_col-sm-12 kc_column kc_col-sm-12\"><div class=\"kc-col-container\"><!--Start consultations area-->\n<section class=\"consultations-area sec-padding\">\n    <div class=\"container\">\n        <div class=\"row\">\n            <div class=\"col-md-4 col-sm-6 col-xs-12\">   \n                <div class=\"contact-info\">\n                    <div class=\"sec-title\">\n                        <h2>Kontaktuppgifter<\/h2>\n                        <span class=\"border\"><\/span>\n                    <\/div>\n                    <div class=\"text\">\n                        <p>V\u00e4nligen kontaktuppgifter nedan\r\noch kontakta oss f\u00f6r mer information!<\/p>\n                    <\/div>\n                    <ul>\n                        <li><span class=\"fa fa-phone\"><\/span>Phone: +34 96 532 77 77<\/li>\n                        <li><span class=\"fa fa-envelope\"><\/span>info@www.interadvisors.es<\/li>\n                        <li><span class=\"fa fa-clock-o\"><\/span>Fr\u00e5n m\u00e5ndag till fredag \/ 9:00 till 15:00<\/li>\n                    <\/ul>\n                <\/div>\n            <\/div>\n            <div class=\"col-md-8 col-sm-12 col-xs-12\">\n                <div class=\"request-form\">\n                    <div class=\"sec-title pdb-50\">\n                        <h1> Beg\u00e4ran om \u00e5teruppringning<\/h1>\n                        <span class=\"border\"><\/span>\n                    <\/div>\n                    \n<div class=\"wpcf7 no-js\" id=\"wpcf7-f815-o1\" lang=\"sv-SE\" dir=\"ltr\" data-wpcf7-id=\"815\">\n<div class=\"screen-reader-response\"><p role=\"status\" aria-live=\"polite\" aria-atomic=\"true\"><\/p> <ul><\/ul><\/div>\n<form action=\"\/sv\/wp-json\/wp\/v2\/pages\/734#wpcf7-f815-o1\" method=\"post\" class=\"wpcf7-form init\" aria-label=\"Kontaktformul\u00e4r\" novalidate=\"novalidate\" data-status=\"init\">\n<fieldset class=\"hidden-fields-container\"><input type=\"hidden\" name=\"_wpcf7\" value=\"815\" \/><input type=\"hidden\" name=\"_wpcf7_version\" value=\"6.1.5\" \/><input type=\"hidden\" name=\"_wpcf7_locale\" value=\"sv_SE\" \/><input type=\"hidden\" name=\"_wpcf7_unit_tag\" value=\"wpcf7-f815-o1\" \/><input type=\"hidden\" name=\"_wpcf7_container_post\" value=\"0\" \/><input type=\"hidden\" name=\"_wpcf7_posted_data_hash\" value=\"\" \/><input type=\"hidden\" name=\"_wpcf7_recaptcha_response\" value=\"\" \/>\n<\/fieldset>\n<p><label> Ditt namn (obligatoriskt)<br \/>\n<span class=\"wpcf7-form-control-wrap\" data-name=\"your-name\"><input size=\"40\" maxlength=\"400\" class=\"wpcf7-form-control wpcf7-text wpcf7-validates-as-required\" aria-required=\"true\" aria-invalid=\"false\" value=\"\" type=\"text\" name=\"your-name\" \/><\/span> <\/label>\n<\/p>\n<p><label> Din e-postadress (frivillig)<br \/>\n<span class=\"wpcf7-form-control-wrap\" data-name=\"your-email\"><input size=\"40\" maxlength=\"400\" class=\"wpcf7-form-control wpcf7-email wpcf7-text wpcf7-validates-as-email\" aria-invalid=\"false\" value=\"\" type=\"email\" name=\"your-email\" \/><\/span> <\/label>\n<\/p>\n<p><label> Ditt telefonnummer (obligatoriskt)<br \/>\n<span class=\"wpcf7-form-control-wrap\" data-name=\"your-phone\"><input size=\"40\" maxlength=\"400\" class=\"wpcf7-form-control wpcf7-tel wpcf7-validates-as-required wpcf7-text wpcf7-validates-as-tel\" aria-required=\"true\" aria-invalid=\"false\" value=\"\" type=\"tel\" name=\"your-phone\" \/><\/span> <\/label>\n<\/p>\n<p><span class=\"wpcf7-form-control-wrap\" data-name=\"acceptance-822\"><span class=\"wpcf7-form-control wpcf7-acceptance\"><span class=\"wpcf7-list-item\"><label><input type=\"checkbox\" name=\"acceptance-822\" value=\"1\" aria-invalid=\"false\" \/><span class=\"wpcf7-list-item-label\">Jag accepterar att tillhandah\u00e5lla mina uppgifter enligt den integritetspolicy som definieras p\u00e5 denna webbplats<\/span><\/label><\/span><\/span><\/span>\n<\/p>\n<p><input class=\"wpcf7-form-control wpcf7-submit has-spinner\" type=\"submit\" value=\"Skicka\" \/>\n<\/p><div class=\"wpcf7-response-output\" aria-hidden=\"true\"><\/div>\n<\/form>\n<\/div>\n                <\/div>\n            <\/div>\n        <\/div>\n    <\/div>\n<\/section>\n<!--End consultations area--><\/div><\/div><\/div><\/div><\/section><section data-kc-fullwidth=\"content\" class=\"kc-elm kc-css-128451 kc_row\"><div class=\"kc-row-container\"><div class=\"kc-wrap-columns\"><div class=\"kc-elm kc-css-954185 kc_col-sm-12 kc_column kc_col-sm-12\"><div class=\"kc-col-container\"><div class=\"kc-elm kc-css-130089 kc_google_maps kc_shortcode\"><div style=\"height: 500px\" class=\"kc-google-maps\"><iframe loading=\"lazy\" src=\"https:\/\/www.google.com\/maps\/embed?pb=!1m14!1m8!1m3!1d3146.7888576623136!2d-0.7235215!3d37.93536280784922!3m2!1i1024!2i768!4f13.1!3m3!1m2!1s0x0%3A0xbc6df92563d8b598!2sInter%20Advisors!5e0!3m2!1ses!2ses!4v1599140047275!5m2!1ses!2ses\" width=\"100%\" height=\"500\" frameborder=\"0\" style=\"border:0;\" allowfullscreen=\"\" aria-hidden=\"false\" tabindex=\"0\"><\/iframe><\/div><\/div><\/div><\/div><\/div><\/div><\/section><\/p>\n","protected":false},"excerpt":{"rendered":"","protected":false},"author":1,"featured_media":0,"parent":0,"menu_order":0,"comment_status":"closed","ping_status":"closed","template":"tpl-king_composer.php","meta":{"footnotes":""},"class_list":["post-734","page","type-page","status-publish","hentry"],"_links":{"self":[{"href":"https:\/\/www.interadvisors.es\/sv\/wp-json\/wp\/v2\/pages\/734","targetHints":{"allow":["GET"]}}],"collection":[{"href":"https:\/\/www.interadvisors.es\/sv\/wp-json\/wp\/v2\/pages"}],"about":[{"href":"https:\/\/www.interadvisors.es\/sv\/wp-json\/wp\/v2\/types\/page"}],"author":[{"embeddable":true,"href":"https:\/\/www.interadvisors.es\/sv\/wp-json\/wp\/v2\/users\/1"}],"replies":[{"embeddable":true,"href":"https:\/\/www.interadvisors.es\/sv\/wp-json\/wp\/v2\/comments?post=734"}],"version-history":[{"count":9,"href":"https:\/\/www.interadvisors.es\/sv\/wp-json\/wp\/v2\/pages\/734\/revisions"}],"predecessor-version":[{"id":847,"href":"https:\/\/www.interadvisors.es\/sv\/wp-json\/wp\/v2\/pages\/734\/revisions\/847"}],"wp:attachment":[{"href":"https:\/\/www.interadvisors.es\/sv\/wp-json\/wp\/v2\/media?parent=734"}],"curies":[{"name":"wp","href":"https:\/\/api.w.org\/{rel}","templated":true}]}}