{"id":730,"date":"2020-09-04T13:33:50","date_gmt":"2020-09-04T13:33:50","guid":{"rendered":"https:\/\/www.interadvisors.es\/services\/"},"modified":"2021-01-20T15:20:18","modified_gmt":"2021-01-20T15:20:18","slug":"tjanster","status":"publish","type":"page","link":"https:\/\/www.interadvisors.es\/sv\/tjanster\/","title":{"rendered":"Tj\u00e4nster"},"content":{"rendered":"<p><section class=\"kc-elm kc-css-454301 kc_row\"><div class=\"kc-row-container  kc-container\"><div class=\"kc-wrap-columns\"><div class=\"kc-elm kc-css-835519 kc_col-sm-6 kc_column kc_col-sm-6\"><div class=\"kc-col-container\"><div class=\"kc-elm kc-css-55415 kc-animated kc-animate-eff-bounceInLeft kc_text_block\"><\/p>\n<h2>K\u00d6PA EN BOSTAD I SPANIEN<\/h2>\n<p>Att k\u00f6pa en fastighet i Spanien kan vara din dr\u00f6m, eftersom det kan vara b\u00e5de en bra investering och ett s\u00e4tt att k\u00e4nna sig hemma n\u00e4r du kommer till Spanien. Men man m\u00e5ste vara medveten om att det spanska r\u00e4ttssystemet kan skilja sig fr\u00e5n ditt hemland, och f\u00f6r att undvika missf\u00f6rst\u00e5nd, besvikelser och eventuella bedr\u00e4gerier \u00e4r det viktigt att s\u00f6ka expertr\u00e5d fr\u00e5n b\u00f6rjan.<\/p>\n<p>Vi kommer att vara med i varje steg f\u00f6r att st\u00f6dja dig b\u00e5de i juridiska fr\u00e5gor och svara p\u00e5 alla dina fr\u00e5gor om k\u00f6p processen och livet i Spanien. F\u00f6r att k\u00f6pa en fastighet \u00e4r ett stort steg att ta och det \u00e4r viktigt att det f\u00e5r ett lyckligt slut.<\/p>\n<p>VAD VI HJ\u00c4LPER DIG MED,<\/p>\n<p>&#8211; \u00d6ppnandet av bankkonto<\/p>\n<p>&#8211; Fullmakt<\/p>\n<p>&#8211; K\u00f6p kontrakt mellan s\u00e4ljare &amp; k\u00f6pare<\/p>\n<p>&#8211; Juridiska kontroller<\/p>\n<p>&#8211; NIE nummer<\/p>\n<p>&#8211; Underteckalagfart hos Notarius Publicus och se till att den registreras<\/p>\n<p>&#8211; Uppr\u00e4tta vatten och elkontrakt<\/p>\n<p>&#8211; \u00d6verf\u00f6ra andra servicekontrakt (\u00e4garf\u00f6rening, kommunal fastighetsskatt m.m)<\/p>\n<p>&#8211; Uppr\u00e4tta autogiron<\/p>\n<p>&#8211; Uprr\u00e4tta f\u00f6rs\u00e4kring<\/p>\n<p>&#8211; Betala skatter och arvoden som har med k\u00f6pet att g\u00f6ra<\/p>\n<p>\n<\/div><\/div><\/div><div class=\"kc-elm kc-css-489417 kc_col-sm-6 kc_column kc_col-sm-6\"><div class=\"kc-col-container\"><div class=\"kc-elm kc-css-199500 kc-animated kc-animate-eff-bounceInRight kc_shortcode kc_single_image\">\n\n        <img decoding=\"async\" src=\"https:\/\/www.interadvisors.es\/wp-content\/uploads\/2021\/01\/house.jpg\" class=\"\" alt=\"\" \/>    <\/div>\n<\/div><\/div><\/div><\/div><\/section><section class=\"kc-elm kc-css-801910 kc_row\"><div class=\"kc-row-container  kc-container\"><div class=\"kc-wrap-columns\"><div class=\"kc-elm kc-css-659120 kc_col-sm-6 kc_column kc_col-sm-6\"><div class=\"kc-col-container\"><div class=\"kc-elm kc-css-482668 kc-animated kc-animate-eff-bounceInLeft kc_shortcode kc_single_image\">\n\n        <img decoding=\"async\" src=\"https:\/\/www.interadvisors.es\/wp-content\/uploads\/2020\/09\/fiscal-representation.jpg\" class=\"\" alt=\"\" \/>    <\/div>\n<\/div><\/div><div class=\"kc-elm kc-css-961091 kc_col-sm-6 kc_column kc_col-sm-6\"><div class=\"kc-col-container\"><div class=\"kc-elm kc-css-395299 kc-animated kc-animate-eff-bounceInRight kc_text_block\"><\/p>\n<h2>SKATTER\u00c5DGIVNING<\/h2>\n<p>Som specialister inom skattefr\u00e5gor erbjuder vi en utm\u00e4rkt skatter\u00e5dgivning till f\u00f6retag och privatpersoner, s\u00e5v\u00e4l bosatta som icke bosatta. V\u00e5rt flerspr\u00e5kiga team \u00e4r kvalificerat f\u00f6r att kommunicera med klienten p\u00e5 dennes egna spr\u00e5k. Lita p\u00e5 oss, vi kommer att utarbeta och presentera de viktigaste typerna av skattedeklarationer som kr\u00e4vs av Skatteverket i ditt namn:<\/p>\n<p>&#8211; Skatter f\u00f6r bosatta och icke bosatta.<\/p>\n<p>&#8211; G\u00e5vo- och arvsskatter (arv).<\/p>\n<p>&#8211; Inkomstdeklarationen f\u00f6r fysiska personer, kvartalsvis och \u00e5rlig.<\/p>\n<p>&#8211; Kvartalsvisa och \u00e5rliga momsdeklarationer.<\/p>\n<p>&#8211; Bolagsskatt (inklusive deklarationer av delbetalningar).<\/p>\n<p>&#8211; \u00c5rsdeklaration r\u00f6rande verksamheter med tredje part.<\/p>\n<p>V\u00e5r skatteavdelning har f\u00f6r avsikt att garantera en permanent och personlig skatter\u00e5dgivning och service, alltid med h\u00e4nsyn till v\u00e5ra kunders skattem\u00e4ssiga behov.<\/p>\n<p>\n<\/div><\/div><\/div><\/div><\/div><\/section><section class=\"kc-elm kc-css-660211 kc_row\"><div class=\"kc-row-container  kc-container\"><div class=\"kc-wrap-columns\"><div class=\"kc-elm kc-css-237757 kc_col-sm-6 kc_column kc_col-sm-6\"><div class=\"kc-col-container\"><div class=\"kc-elm kc-css-625790 kc-animated kc-animate-eff-bounceInLeft kc_text_block\"><\/p>\n<h2>VALUTA\u00d6VERF\u00d6RING<\/h2>\n<p>Vi f\u00f6renklar \u00f6verf\u00f6ringen av pengar utomlands f\u00f6r dig. Vi s\u00e4tter dig i kontakt med valuta f\u00f6retaget. F\u00f6retagen debiterar dig inte n\u00e5gon provision, s\u00e5 att du kan spara en betydlig summa genom att g\u00f6ra \u00f6verf\u00f6ringarna via dom. Vi arbetar bara med seri\u00f6sa f\u00f6retag som har mycket erfarenhet och kan hj\u00e4lpa dig att f\u00e5 b\u00e4sta erbjudandena.<\/p>\n<p>Snabba \u00f6verf\u00f6ringar utan provision.<\/p>\n<p style=\"box-sizing: inherit; margin: 0px 0px 1.78571em;\">100% s\u00e4kert.<\/p>\n<div id=\"primary\" class=\"content-area\"><\/div>\n<p>\n<\/div><\/div><\/div><div class=\"kc-elm kc-css-577957 kc_col-sm-6 kc_column kc_col-sm-6\"><div class=\"kc-col-container\"><div class=\"kc-elm kc-css-717193 kc-animated kc-animate-eff-bounceInRight kc_shortcode kc_single_image\">\n\n        <img decoding=\"async\" src=\"https:\/\/www.interadvisors.es\/wp-content\/uploads\/2020\/09\/money-transfer.jpg\" class=\"\" alt=\"\" \/>    <\/div>\n<\/div><\/div><\/div><\/div><\/section><section class=\"kc-elm kc-css-631670 kc_row\"><div class=\"kc-row-container  kc-container\"><div class=\"kc-wrap-columns\"><div class=\"kc-elm kc-css-221799 kc_col-sm-6 kc_column kc_col-sm-6\"><div class=\"kc-col-container\"><div class=\"kc-elm kc-css-660821 kc-animated kc-animate-eff-bounceInLeft kc_shortcode kc_single_image\">\n\n        <img decoding=\"async\" src=\"https:\/\/www.interadvisors.es\/wp-content\/uploads\/2020\/09\/seguros.jpg\" class=\"\" alt=\"\" \/>    <\/div>\n<\/div><\/div><div class=\"kc-elm kc-css-489356 kc_col-sm-6 kc_column kc_col-sm-6\"><div class=\"kc-col-container\"><div class=\"kc-elm kc-css-960106 kc-animated kc-animate-eff-bounceInRight kc_text_block\"><\/p>\n<h2>F\u00d6RS\u00c4KRINGAR<\/h2>\n<p>DET VIKTIGT ATT DIN FASTIGHET BLIR F\u00d6RS\u00c4KRAD, KAN VI HJ\u00c4LPA DIG ATT F\u00c5 B\u00c4STA DE B\u00c4STA ERBJUDANDENA OCH F\u00c5 DIG KONTAKT MED F\u00d6RETAGEN. Om du s\u00e4ljer din fastighet kan vi ocks\u00e5 hj\u00e4lpa dig att anullera din hemf\u00f6rs\u00e4kring.<\/p>\n<p>VI KAN OCH HJ\u00c4LPA DIG F\u00c5 ERBJUDANDE OM LIVSF\u00d6RS\u00c4KRINGAR, BILF\u00d6RS\u00c4KRINGAR OCH SJUKF\u00d6RS\u00c4KRINGAR.<\/p>\n<p>HAR NI FR\u00c5GOR, TVEKA INTE P\u00c5 ATT KONTAKTA OSS.<\/p>\n<p>\n<\/div><\/div><\/div><\/div><\/div><\/section><section class=\"kc-elm kc-css-95610 kc_row\"><div class=\"kc-row-container  kc-container\"><div class=\"kc-wrap-columns\"><div class=\"kc-elm kc-css-818281 kc_col-sm-6 kc_column kc_col-sm-6\"><div class=\"kc-col-container\"><div class=\"kc-elm kc-css-902102 kc-animated kc-animate-eff-bounceInLeft kc_text_block\"><\/p>\n<h2 style=\"box-sizing: inherit; margin: 0px 0px 1.78571em;\">FULLMAKT<\/h2>\n<p style=\"box-sizing: inherit; margin: 0px 0px 1.78571em;\">Skriva under fullmakt. Detta \u00e4r ett dokument som g\u00f6r det m\u00f6jligt f\u00f6r oss att representera er hos notarien vid fullf\u00f6ljandet av k\u00f6pet av er fastighet om ni inte \u00f6nskar att vara n\u00e4rvarande personligen f\u00f6r att signera lagfarten. Detta dokument ger oss \u00e4ven r\u00e4ttighet att f\u00f6rhandla, finansiera med l\u00e5n, och g\u00f6ra alla n\u00f6dv\u00e4ndiga \u00f6verf\u00f6ringar hos banken som beh\u00f6vs vid betalning av fastigheten. Det ger oss \u00e4ven r\u00e4tt att betala skatter, g\u00f6ra n\u00f6dv\u00e4ndiga \u00e4ndringar p\u00e5 kontakt som t.ex. el, vatten, skatt, fastighetsf\u00f6rening osv. F\u00f6r att skriva under denna fullmakt tar vi med er till notarien d\u00e4r ni f\u00e5r fullmakten \u00f6versatt muntligt av v\u00e5r tolk innan denna skrivs under i n\u00e4rvaro av notarien. \u00c4r ni inte p\u00e5 plats i Spanien, kan vi f\u00f6rbereda fullmakten och skicka det till ert hemland med instuktioner.<\/p>\n<div id=\"primary\" class=\"content-area\">\n<article id=\"post-93\" class=\"post-93 page type-page status-publish hentry\">\n<div class=\"entry-content\">\n<div id=\"primary\" class=\"content-area\">\n<article id=\"post-73\" class=\"post-73 page type-page status-publish hentry\">\n<div class=\"entry-content\">\n<div class=\"field_new_tags\"><\/div>\n<\/div>\n<\/article>\n<\/div>\n<\/div>\n<\/article>\n<\/div>\n<p>\n<\/div><\/div><\/div><div class=\"kc-elm kc-css-866434 kc_col-sm-6 kc_column kc_col-sm-6\"><div class=\"kc-col-container\"><div class=\"kc-elm kc-css-194645 kc-animated kc-animate-eff-bounceInRight kc_shortcode kc_single_image\">\n\n        <img decoding=\"async\" src=\"https:\/\/www.interadvisors.es\/wp-content\/uploads\/2020\/09\/poa.jpg\" class=\"\" alt=\"\" \/>    <\/div>\n<\/div><\/div><\/div><\/div><\/section><section class=\"kc-elm kc-css-370833 kc_row\"><div class=\"kc-row-container  kc-container\"><div class=\"kc-wrap-columns\"><div class=\"kc-elm kc-css-100589 kc_col-sm-6 kc_column kc_col-sm-6\"><div class=\"kc-col-container\"><div class=\"kc-elm kc-css-350735 kc-animated kc-animate-eff-bounceInLeft kc_shortcode kc_single_image\">\n\n        <img decoding=\"async\" src=\"https:\/\/www.interadvisors.es\/wp-content\/uploads\/2020\/09\/nie.jpg\" class=\"\" alt=\"\" \/>    <\/div>\n<\/div><\/div><div class=\"kc-elm kc-css-11519 kc_col-sm-6 kc_column kc_col-sm-6\"><div class=\"kc-col-container\"><div class=\"kc-elm kc-css-570885 kc-animated kc-animate-eff-bounceInRight kc_text_block\"><\/p>\n<h2>NIE NUMMER<\/h2>\n<p>NIE-numret \u00e4r det Spanska skatteregistreringsnummeret.<\/p>\n<p>Du beh\u00f6ver ett NIE-nummer f\u00f6r alla officiela eller juridiska \u00e4renden du kan beh\u00f6va g\u00f6ra i Spanien.<\/p>\n<p>Till exempel, k\u00f6pa en bostad i Spanien, \u00e4rva tillg\u00e5ngar i Spanien, ans\u00f6ka om l\u00e5n och \u00a0andra handligar som \u00e4r officiella eller juridiska.<\/p>\n<p>\n<\/div><\/div><\/div><\/div><\/div><\/section><section class=\"kc-elm kc-css-699659 kc_row\"><div class=\"kc-row-container  kc-container\"><div class=\"kc-wrap-columns\"><div class=\"kc-elm kc-css-886102 kc_col-sm-6 kc_column kc_col-sm-6\"><div class=\"kc-col-container\"><div class=\"kc-elm kc-css-339243 kc-animated kc-animate-eff-bounceInRight kc_text_block\"><\/p>\n<h2>ARV OCH TESTAMENTS\u00c4RENDEN<\/h2>\n<p>Vi st\u00f6der oss p\u00e5 en l\u00e5ng erfarenhet som yrkesverksamma inom arvsr\u00e4tt med inriktning p\u00e5 fastighetsbranschen. P\u00e5 Inter Advisors har vi omfattande kompetens inom personlig juridisk r\u00e5dgivning avseende fastigheter: uppr\u00e4ttande av testamenten, r\u00e4ttstvister r\u00f6rande arv och legat, samt arvskiften.<\/p>\n<p>Vi erbjuder specifik r\u00e5dgivning f\u00f6r testamentsexekution, alltid med h\u00e4nsyn till v\u00e5ra klienters personliga f\u00f6rh\u00e5llanden. Detta, tillsammans med v\u00e5r omfattande erfarenhet av internationella klienter, till\u00e5ter det oss att ge dig r\u00e5d utifr\u00e5n din nationalitet r\u00f6rande inneh\u00e5llet i ditt testamente f\u00f6r att uppn\u00e5 en korrekt f\u00f6rdelning av alla dina tillg\u00e5ngar (vad g\u00e4ller arv).<\/p>\n<p>Vi\u00a0 kommer att ge dig r\u00e5d i alla arvsfr\u00e5gor med anknytning till fastighetssektorn, och med mycket tillfredsst\u00e4llande resultat.<\/p>\n<div id=\"primary\" class=\"content-area\"><\/div>\n<p>\n<\/div><\/div><\/div><div class=\"kc-elm kc-css-902331 kc_col-sm-6 kc_column kc_col-sm-6\"><div class=\"kc-col-container\"><div class=\"kc-elm kc-css-362201 kc-animated kc-animate-eff-bounceInLeft kc_shortcode kc_single_image\">\n\n        <img decoding=\"async\" src=\"https:\/\/www.interadvisors.es\/wp-content\/uploads\/2021\/01\/testamento.jpg\" class=\"\" alt=\"\" \/>    <\/div>\n<\/div><\/div><\/div><\/div><\/section><section class=\"kc-elm kc-css-568200 kc_row\"><div class=\"kc-row-container  kc-container\"><div class=\"kc-wrap-columns\"><div class=\"kc-elm kc-css-647987 kc_col-sm-6 kc_column kc_col-sm-6\"><div class=\"kc-col-container\"><div class=\"kc-elm kc-css-494380 kc-animated kc-animate-eff-bounceInLeft kc_shortcode kc_single_image\">\n\n        <img decoding=\"async\" src=\"https:\/\/www.interadvisors.es\/wp-content\/uploads\/2020\/09\/residencies.jpg\" class=\"\" alt=\"\" \/>    <\/div>\n<\/div><\/div><div class=\"kc-elm kc-css-579372 kc_col-sm-6 kc_column kc_col-sm-6\"><div class=\"kc-col-container\"><div class=\"kc-elm kc-css-251188 kc-animated kc-animate-eff-bounceInRight kc_text_block\"><\/p>\n<h2>RESIDENT I SPANIEN<\/h2>\n<div id=\"primary\" class=\"content-area\">\n<article id=\"post-75\" class=\"post-75 page type-page status-publish hentry\">\n<div class=\"entry-content\">\n<p>Om man vistas i Spanien mer \u00e4n 6 m\u00e5nader (183 dagar) per kalender\u00e5r anses man enligt gemensamma regler i EU ha sin hemvist i Spanien eftersom man d\u00e5 bor huvuddelen av \u00e5ret i Spanien. D\u00e5 blir man \u201dresident\u201d i Spanien och normalt blir man d\u00e5 obegr\u00e4nsat skattskyldig i Spanien, vilket inneb\u00e4r att man ska redovisa alla sina inkomster (inkl kapitalinkomster) i Spanien. F\u00f6r att f\u00e5 stanna l\u00e4ngre \u00e4n 6 m\u00e5nader m\u00e5ste man ha en arbetsinkomst fr\u00e5n en arbetsgivare, pension, eget f\u00f6retag i Spanien, studera i privat eller offentlig skola i Spanien, eller ha tillg\u00e5ngar som r\u00e4cker f\u00f6r att f\u00f6rs\u00f6rja sig och familjen. Alternativt ska man vara familjemedlem till en person som uppfyller n\u00e5got av dessa krav. Vi kan hj\u00e4lpa dig bli resident eller besvara dina fr\u00e5gor kring ans\u00f6kan att bli resident.<\/p>\n<\/div>\n<footer class=\"entry-footer\"><\/footer>\n<\/article>\n<\/div>\n<p>\n<\/div><\/div><\/div><\/div><\/div><\/section><section class=\"kc-elm kc-css-251158 kc_row\"><div class=\"kc-row-container  kc-container\"><div class=\"kc-wrap-columns\"><div class=\"kc-elm kc-css-261688 kc_col-sm-6 kc_column kc_col-sm-6\"><div class=\"kc-col-container\"><div class=\"kc-elm kc-css-951570 kc-animated kc-animate-eff-bounceInRight kc_text_block\"><\/p>\n<h2>S\u00c4LJA,<\/h2>\n<p>Framtagning av fullmakt att vi kan representera er. Denna fullmakt kan uppf\u00f6ras i Sverige. Vi utf\u00f6r ett utkast och informerar hur ni skall g\u00e5 till v\u00e4ga och vart ni skall v\u00e4nda er. Denna fullmakt kan \u00e4ven uppf\u00f6ras hos Notarie i Spanien. Detta hj\u00e4lper vi till med.Kontroll med myndigheterna g\u00e4llande den aktuella situationen f\u00f6r bostaden. Skatter\u00e5dgivning r\u00f6rande f\u00f6rs\u00e4ljningen av fastigheten, eventuell betalning av skatter samt ans\u00f6kan om \u00e5terbetalning. Representera er inf\u00f6r Notarie vi \u00f6verf\u00f6ring av bostaden till den nya \u00e4garen. \u00d6verf\u00f6ra betalningen f\u00f6r bostaden till er .Avbryta alla autogiro som g\u00e5tt via ert bankont. Avsluta ert bankkonto i Spanien om ni s\u00e5 \u00f6nskar<\/p>\n<p>\n<\/div><\/div><\/div><div class=\"kc-elm kc-css-539812 kc_col-sm-6 kc_column kc_col-sm-6\"><div class=\"kc-col-container\"><div class=\"kc-elm kc-css-206172 kc-animated kc-animate-eff-bounceInLeft kc_shortcode kc_single_image\">\n\n        <img decoding=\"async\" src=\"https:\/\/www.interadvisors.es\/wp-content\/uploads\/2020\/09\/sale.jpg\" class=\"\" alt=\"\" \/>    <\/div>\n<\/div><\/div><\/div><\/div><\/section><\/p>\n","protected":false},"excerpt":{"rendered":"","protected":false},"author":1,"featured_media":0,"parent":0,"menu_order":0,"comment_status":"closed","ping_status":"closed","template":"","meta":{"footnotes":""},"class_list":["post-730","page","type-page","status-publish","hentry"],"_links":{"self":[{"href":"https:\/\/www.interadvisors.es\/sv\/wp-json\/wp\/v2\/pages\/730","targetHints":{"allow":["GET"]}}],"collection":[{"href":"https:\/\/www.interadvisors.es\/sv\/wp-json\/wp\/v2\/pages"}],"about":[{"href":"https:\/\/www.interadvisors.es\/sv\/wp-json\/wp\/v2\/types\/page"}],"author":[{"embeddable":true,"href":"https:\/\/www.interadvisors.es\/sv\/wp-json\/wp\/v2\/users\/1"}],"replies":[{"embeddable":true,"href":"https:\/\/www.interadvisors.es\/sv\/wp-json\/wp\/v2\/comments?post=730"}],"version-history":[{"count":4,"href":"https:\/\/www.interadvisors.es\/sv\/wp-json\/wp\/v2\/pages\/730\/revisions"}],"predecessor-version":[{"id":802,"href":"https:\/\/www.interadvisors.es\/sv\/wp-json\/wp\/v2\/pages\/730\/revisions\/802"}],"wp:attachment":[{"href":"https:\/\/www.interadvisors.es\/sv\/wp-json\/wp\/v2\/media?parent=730"}],"curies":[{"name":"wp","href":"https:\/\/api.w.org\/{rel}","templated":true}]}}