{"id":726,"date":"2020-09-03T13:19:11","date_gmt":"2020-09-03T13:19:11","guid":{"rendered":"https:\/\/www.interadvisors.es\/contact\/"},"modified":"2023-02-16T17:30:05","modified_gmt":"2023-02-16T17:30:05","slug":"kontakt","status":"publish","type":"page","link":"https:\/\/www.interadvisors.es\/sv\/kontakt\/","title":{"rendered":"Kontakt"},"content":{"rendered":"<section class=\"kc-elm kc-css-976967 kc_row\"><div class=\"kc-row-container  kc-container\"><div class=\"kc-wrap-columns\"><div class=\"kc-elm kc-css-819942 kc_col-sm-12 kc_column kc_col-sm-12\"><div class=\"kc-col-container\"><div class=\"kc-elm kc-css-54046 kc_text_block\"><\/p>\n<style type=\"text\/css\">@media only screen and (min-width: 1000px) and (max-width: 5000px){body.kc-css-system .kc-css-1485922{width: 50%;}body.kc-css-system .kc-css-835221{width: 50%;}}body.kc-css-system .kc-css-1562329{margin-bottom: 25px;}body.kc-css-system .kc-css-3761569 label{margin-top: 25px;}body.kc-css-system .kc-css-59234{text-align: center;}body.kc-css-system .kc-css-2861986{margin-bottom: -125px;border-top: 10px solid #f9b700;;}<\/style>\n<section class=\"kc-elm kc-css-1562329 kc_row\">\n<div class=\"kc-row-container kc-container\">\n<div class=\"kc-wrap-columns\">\n<div class=\"kc-elm kc-css-1485922 kc_col-sm-6 kc_column kc_col-sm-6\">\n<div class=\"kc-col-container\">\n<div class=\"kc-elm kc-css-4086986 kc-animated kc-animate-eff-bounceInLeft kc_text_block\">\n<h2 style=\"text-align: center;\">Vill du ringa ett samtal?<\/h2>\n<p style=\"text-align: center;\">Vi kan ringa gratis. Om du vill prata med oss fyller du bara i formul\u00e4ret ovan s<span lang=\"sv\">\u00e5 kontaktar vi dig s\u00e5 snart som m\u00f6jligt<\/span>.<\/p>\n<\/div>\n<div class=\"kc-contact-form7 kc-elm kc-css-3761569 formulario\">\n<div id=\"wpcf7-f562-o2\" class=\"wpcf7\" dir=\"ltr\" lang=\"es-ES\" role=\"form\">\n<div class=\"screen-reader-response\">\n<p role=\"status\" aria-live=\"polite\" aria-atomic=\"true\">\n<\/div>\n<form class=\"wpcf7-form init\" action=\"\/wp-admin\/post.php#wpcf7-f562-o2\" method=\"post\" novalidate=\"novalidate\" data-status=\"init\">\n<div style=\"display: none;\"><input name=\"_wpcf7\" type=\"hidden\" value=\"562\" \/><br \/><input name=\"_wpcf7_version\" type=\"hidden\" value=\"5.3\" \/><br \/><input name=\"_wpcf7_locale\" type=\"hidden\" value=\"es_ES\" \/><br \/><input name=\"_wpcf7_unit_tag\" type=\"hidden\" value=\"wpcf7-f562-o2\" \/><br \/><input name=\"_wpcf7_container_post\" type=\"hidden\" value=\"0\" \/><br \/><input name=\"_wpcf7_posted_data_hash\" type=\"hidden\" value=\"\" \/><br \/><input name=\"_wpcf7_recaptcha_response\" type=\"hidden\" value=\"\" \/><\/div>\n<p><label> Ditt namn (obligatoriskt)<br \/><span class=\"wpcf7-form-control-wrap your-name\"><input class=\"wpcf7-form-control wpcf7-text wpcf7-validates-as-required\" name=\"your-name\" size=\"40\" type=\"text\" value=\"\" aria-required=\"true\" aria-invalid=\"false\" \/><\/span> <\/label><\/p>\n<p><label> Din e-postadress (frivillig)<br \/><span class=\"wpcf7-form-control-wrap your-email\"><input class=\"wpcf7-form-control wpcf7-text wpcf7-email wpcf7-validates-as-email\" name=\"your-email\" size=\"40\" type=\"email\" value=\"\" aria-invalid=\"false\" \/><\/span> <\/label><\/p>\n<p><label> Ditt telefonnummer (obligatoriskt)<br \/><span class=\"wpcf7-form-control-wrap telefono\"><input class=\"wpcf7-form-control wpcf7-text wpcf7-tel wpcf7-validates-as-required wpcf7-validates-as-tel\" name=\"telefono\" size=\"40\" type=\"tel\" value=\"\" aria-required=\"true\" aria-invalid=\"false\" \/><\/span> <\/label><\/p>\n<p><span class=\"wpcf7-form-control-wrap aceptacion\"><span class=\"wpcf7-form-control wpcf7-acceptance\"><span class=\"wpcf7-list-item\"><label><input name=\"aceptacion\" type=\"checkbox\" value=\"1\" aria-invalid=\"false\" \/> Jag accepterar att tillhandah<span lang=\"sv\">\u00e5lla mina uppgifter enligt den integritetspolicy som definieras p\u00e5 denna webbplats<\/span><\/label><\/span><\/span><\/span><\/p>\n<p><input class=\"wpcf7-form-control wpcf7-submit\" type=\"submit\" value=\"Skicka\" \/><\/p>\n<div class=\"wpcf7-response-output\" aria-hidden=\"true\"><\/div>\n<\/form>\n<\/div>\n<\/div>\n<\/div>\n<\/div>\n<div class=\"kc-elm kc-css-835221 kc_col-sm-6 kc_column kc_col-sm-6\">\n<div class=\"kc-col-container\">\n<div class=\"kc-elm kc-css-1762260 kc-animated kc-animate-eff-bounceInUp kc_text_block\">\n<h2 style=\"text-align: center;\">V<span lang=\"sv\">\u00e5rt kontor<\/span><\/h2>\n<p>\ud83d\udccd Av. de las Olas, 2, Res. Cala Dorada B E2, Local 1. 03185 Torrevieja. Alicante<\/p>\n<p>\ud83d\udcde (+34) 96 532 77 77<\/p>\n<p>\u23f2 Fr\u00e5n m\u00e5ndag till fredag \/ 9:00 till 15:00<\/p>\n<\/div>\n<div class=\"kc-elm kc-css-59234 kc-animated kc-animate-eff-bounceInDown kc_shortcode kc_single_image\">\n<p><img decoding=\"async\" class=\"\" src=\"https:\/\/www.interadvisors.es\/wp-content\/uploads\/2021\/02\/3-scaled.jpg\" alt=\"\" \/><\/p>\n<\/div>\n<\/div>\n<\/div>\n<\/div>\n<\/div>\n<\/section>\n<section class=\"kc-elm kc-css-2861986 kc-animated kc-animate-eff-rubberBand kc_row\" data-kc-fullwidth=\"content\">\n<div class=\"kc-row-container\">\n<div class=\"kc-wrap-columns\">\n<div class=\"kc-elm kc-css-3249301 kc_col-sm-12 kc_column kc_col-sm-12\">\n<div class=\"kc-col-container\">\n<div class=\"kc-elm kc-css-1666727 kc_google_maps kc_shortcode\">\n<div class=\"kc-google-maps\" style=\"height: 500px;\"><iframe loading=\"lazy\" style=\"border: 0;\" tabindex=\"0\" src=\"https:\/\/www.google.com\/maps\/embed?pb=!1m14!1m8!1m3!1d3146.7888576623136!2d-0.7235215!3d37.93536280784922!3m2!1i1024!2i768!4f13.1!3m3!1m2!1s0x0%3A0xbc6df92563d8b598!2sInter%20Advisors!5e0!3m2!1ses!2ses!4v1599140047275!5m2!1ses!2ses\" width=\"100%\" height=\"500\" frameborder=\"0\" allowfullscreen=\"allowfullscreen\" aria-hidden=\"false\"><\/iframe><\/div>\n<\/div>\n<\/div>\n<\/div>\n<\/div>\n<\/div>\n<\/section>\n<p>\n<\/div><\/div><\/div><\/div><\/div><\/section>\n","protected":false},"excerpt":{"rendered":"","protected":false},"author":1,"featured_media":0,"parent":0,"menu_order":0,"comment_status":"closed","ping_status":"closed","template":"","meta":{"footnotes":""},"class_list":["post-726","page","type-page","status-publish","hentry"],"_links":{"self":[{"href":"https:\/\/www.interadvisors.es\/sv\/wp-json\/wp\/v2\/pages\/726","targetHints":{"allow":["GET"]}}],"collection":[{"href":"https:\/\/www.interadvisors.es\/sv\/wp-json\/wp\/v2\/pages"}],"about":[{"href":"https:\/\/www.interadvisors.es\/sv\/wp-json\/wp\/v2\/types\/page"}],"author":[{"embeddable":true,"href":"https:\/\/www.interadvisors.es\/sv\/wp-json\/wp\/v2\/users\/1"}],"replies":[{"embeddable":true,"href":"https:\/\/www.interadvisors.es\/sv\/wp-json\/wp\/v2\/comments?post=726"}],"version-history":[{"count":4,"href":"https:\/\/www.interadvisors.es\/sv\/wp-json\/wp\/v2\/pages\/726\/revisions"}],"predecessor-version":[{"id":883,"href":"https:\/\/www.interadvisors.es\/sv\/wp-json\/wp\/v2\/pages\/726\/revisions\/883"}],"wp:attachment":[{"href":"https:\/\/www.interadvisors.es\/sv\/wp-json\/wp\/v2\/media?parent=726"}],"curies":[{"name":"wp","href":"https:\/\/api.w.org\/{rel}","templated":true}]}}