{"id":719,"date":"2020-09-01T16:57:19","date_gmt":"2020-09-01T16:57:19","guid":{"rendered":"https:\/\/www.interadvisors.es\/privacy\/"},"modified":"2021-01-20T12:59:52","modified_gmt":"2021-01-20T12:59:52","slug":"integritet","status":"publish","type":"page","link":"https:\/\/www.interadvisors.es\/sv\/integritet\/","title":{"rendered":"Integritet"},"content":{"rendered":"<section class=\"kc-elm kc-css-500535 kc_row\"><div class=\"kc-row-container  kc-container\"><div class=\"kc-wrap-columns\"><div class=\"kc-elm kc-css-520991 kc_col-sm-12 kc_column kc_col-sm-12\"><div class=\"kc-col-container\"><div class=\"kc-elm kc_text_block\"><\/p>\n<h3>Skydd av personuppgifter enligt LOPD<\/h3>\n<p>Interadvisores informerar, i enlighet med g\u00e4llande best\u00e4mmelser om skydd av personuppgifter, att de personuppgifter som samlas in genom formul\u00e4ret p\u00e5 webbplatsen:<\/p>\n<p>Interadvisors, ing\u00e5r i de specifika automatiserade filerna f\u00f6r anv\u00e4ndarna av Interadvisors-tj\u00e4nster<\/p>\n<p>Syftet med insamlingen och automatiserad behandling av personuppgifter \u00e4r att uppr\u00e4tth\u00e5lla den kommersiella relationen och utf\u00f6ra information, utbildning, r\u00e5dgivning och andra aktiviteter fr\u00e5n Interadvisores.<\/p>\n<p>Dessa uppgifter kommer endast att \u00f6verf\u00f6ras till de enheter som \u00e4r n\u00f6dv\u00e4ndiga f\u00f6r att uppn\u00e5 det ovann\u00e4mnda syftet.\u00a0Interadvisores vidtar n\u00f6dv\u00e4ndiga \u00e5tg\u00e4rder f\u00f6r att garantera s\u00e4kerheten, integriteten och sekretessen f\u00f6r uppgifterna i enlighet med best\u00e4mmelserna i Europaparlamentets och r\u00e5dets f\u00f6rordning (EU) 2016\/679 av den 27 april 2016 om skydd av personer n\u00e4r det g\u00e4ller behandlingen av personuppgifter och den fria spridningen d\u00e4rav.<\/p>\n<p>Anv\u00e4ndaren kan n\u00e4r som helst ut\u00f6va de r\u00e4ttigheter till \u00e5tkomst, opposition, r\u00e4ttelse och annullering som erk\u00e4nns i ovann\u00e4mnda f\u00f6rordning (EU).\u00a0Ut\u00f6vandet av dessa r\u00e4ttigheter kan g\u00f6ras av anv\u00e4ndaren sj\u00e4lv via e-postmeddelandet till: info@interadvisors.com eller p\u00e5 adressen: Av. de las Olas, 2, Res. Cala Dorada B E2, Local 1, 03185 Torrevieja, Alicante<\/p>\n<p>Anv\u00e4ndaren f\u00f6rklarar att alla uppgifter som tillhandah\u00e5lls av honom \u00e4r sanna och korrekta och \u00e5tar sig att h\u00e5lla dem uppdaterade och kommunicera \u00e4ndringarna till Interadvisores<\/p>\n<h3>Syfte med behandlingen av personuppgifter:<\/h3>\n<h4>F\u00f6r vilket syfte kommer vi att behandla dina personuppgifter?<\/h4>\n<p>P\u00e5 Interadvisores behandlar vi dina personuppgifter som samlats in via webbplatsen: Interadvisores, med f\u00f6ljande syften:<\/p>\n<p>I h\u00e4ndelse av upphandling av de varor och tj\u00e4nster som erbjuds genom, f\u00f6r att uppr\u00e4tth\u00e5lla avtalsf\u00f6rh\u00e5llandet, liksom f\u00f6rvaltning, administration, information, tillhandah\u00e5llande och f\u00f6rb\u00e4ttring av tj\u00e4nsten.<\/p>\n<ol>\n<li>Skicka efterfr\u00e5gad information genom formul\u00e4ret i Interadvisors<\/li>\n<li>Skicka bulletiner (nyhetsbrev) s\u00e5v\u00e4l som kommersiell kommunikation om kampanjer och \/ eller publicitet av Interadvisores och branschen.<\/li>\n<li>Vi p\u00e5minner dig om att du kan mots\u00e4tta dig att s\u00e4nda kommersiell kommunikation p\u00e5 n\u00e5got s\u00e4tt och n\u00e4r som helst genom att skicka ett e-postmeddelande till adressen ovan.<\/li>\n<\/ol>\n<p>F\u00e4lten i dessa register \u00e4r obligatoriska och det \u00e4r om\u00f6jligt att utf\u00f6ra de angivna syftena om dessa uppgifter inte tillhandah\u00e5lls.<\/p>\n<h4>Hur l\u00e4nge sparas de personuppgifter som samlas in?<\/h4>\n<p>De personuppgifter som tillhandah\u00e5lls kommer att sparas s\u00e5 l\u00e4nge det kommersiella f\u00f6rh\u00e5llandet uppr\u00e4tth\u00e5lls eller inte beg\u00e4r att de ska raderas och under den period under vilken juridiskt ansvar kan uppst\u00e5 f\u00f6r de tillhandah\u00e5llna tj\u00e4nsterna.<\/p>\n<h4>Legitimering<\/h4>\n<ol>\n<li>Behandlingen av dina uppgifter utf\u00f6rs med f\u00f6ljande r\u00e4ttsliga grunder som legitimerar dem:<\/li>\n<li>Beg\u00e4ran om information och \/ eller upphandling av tj\u00e4nster av vars villkor kommer att g\u00f6ras tillg\u00e4ngliga f\u00f6r dig under alla omst\u00e4ndigheter innan ett eventuellt avtal.\u00a0Gratis, specifikt, informerat och entydigt samtycke, medan vi informerar dig genom att g\u00f6ra denna sekretesspolicy tillg\u00e4nglig f\u00f6r dig, som efter att ha l\u00e4st den, om du godk\u00e4nner, kan du acceptera med hj\u00e4lp av ett uttalande eller en tydlig bekr\u00e4ftande \u00e5tg\u00e4rd, till exempel m\u00e4rkning av en l\u00e5da ordnad f\u00f6r s\u00e5dan effekt.\u00a0I h\u00e4ndelse av att du inte f\u00f6rser oss med dina uppgifter eller g\u00f6r det p\u00e5 ett felaktigt eller ofullst\u00e4ndigt s\u00e4tt kommer vi inte att kunna uppfylla din beg\u00e4ran, vilket g\u00f6r det helt om\u00f6jligt att f\u00f6rse dig med den beg\u00e4rda informationen eller att utf\u00f6ra upphandling av tj\u00e4nster.<\/li>\n<\/ol>\n<h4>Uppgifter som samlats in av anv\u00e4ndarna av tj\u00e4nsterna<\/h4>\n<p>I de fall d\u00e4r anv\u00e4ndaren inkluderar filer med personuppgifter p\u00e5 de delade v\u00e4rdservrarna \u00e4r Interadvisors inte ansvarig f\u00f6r intr\u00e5nget fr\u00e5n anv\u00e4ndaren av RGPD.<\/p>\n<h3>Interadvisors av immateriella r\u00e4ttigheter<\/h3>\n<p>Interadvisors \u00e4r \u00e4gare till all upphovsr\u00e4tt, immateriell och industriell egendom, \"know how\" och alla andra r\u00e4ttigheter relaterade till inneh\u00e5llet p\u00e5 webbplatsen och de tj\u00e4nster som erbjuds d\u00e4r, samt de program som \u00e4r n\u00f6dv\u00e4ndiga f\u00f6r dess genomf\u00f6rande och relaterad information.<\/p>\n<p>Reproduktion, publicering och \/ eller icke-strikt privat anv\u00e4ndning av inneh\u00e5llet, helt eller delvis, av Interadvisors webbplats \u00e4r inte till\u00e5tet utan f\u00f6reg\u00e5ende skriftligt medgivande.<\/p>\n<h3>Programvarans immateriella r\u00e4ttigheter<\/h3>\n<p>Anv\u00e4ndaren m\u00e5ste respektera de tredjepartsprogram som g\u00f6rs tillg\u00e4ngliga f\u00f6r honom, \u00e4ven om de \u00e4r gratis och \/ eller offentligt tillg\u00e4ngliga.\u00a0Du har n\u00f6dv\u00e4ndiga immateriella r\u00e4ttigheter och utnyttjande av programvaran.<\/p>\n<p>Anv\u00e4ndaren f\u00f6rv\u00e4rvar inte n\u00e5gon r\u00e4ttighet eller licens p\u00e5 den avtalade tj\u00e4nsten, p\u00e5 programvaran som \u00e4r n\u00f6dv\u00e4ndig f\u00f6r tillhandah\u00e5llandet av tj\u00e4nsten eller p\u00e5 den tekniska informationen f\u00f6r \u00f6vervakning av tj\u00e4nsten, f\u00f6rutom de r\u00e4ttigheter och licenser som \u00e4r n\u00f6dv\u00e4ndiga f\u00f6r att uppfylla de avtalade tj\u00e4nsterna och endast f\u00f6r varaktigheten av det.<\/p>\n<p>F\u00f6r varje \u00e5tg\u00e4rd som \u00f6verstiger fullg\u00f6randet av avtalet, kommer anv\u00e4ndaren att beh\u00f6va skriftligt tillst\u00e5nd fr\u00e5n Interadvisors, eftersom det \u00e4r f\u00f6rbjudet \u00e5tkomst, modifiering, visualisering av konfiguration, struktur och filer f\u00f6r de servrar som \u00e4gs av Interadvisors, under f\u00f6ruts\u00e4ttning att det h\u00e4rledda civila och straffr\u00e4ttsliga ansvaret.\u00a0av alla h\u00e4ndelser som kan intr\u00e4ffa p\u00e5 servrarna och s\u00e4kerhetssystemen som en direkt f\u00f6ljd av oaktsam eller skadlig handling fr\u00e5n din sida.<\/p>\n<h3>Immateriell egendom f\u00f6r det v\u00e4rdinneh\u00e5llet<\/h3>\n<p>Anv\u00e4ndningen i strid med lagstiftningen om immateriell \u00e4gander\u00e4tt av de tj\u00e4nster som tillhandah\u00e5lls av Interadvisores och i synnerhet av:<\/p>\n<ul>\n<li>Anv\u00e4ndningen som strider mot spanska lagar eller som kr\u00e4nker tredje parts r\u00e4ttigheter.<\/li>\n<li>Offentligg\u00f6rande eller \u00f6verf\u00f6ring av inneh\u00e5ll som enligt din \u00e5sikt \u00e4r v\u00e5ldsamt, obscent, kr\u00e4nkande, olagligt, ras, fr\u00e4mlingsfientligt eller f\u00f6rtalande.<\/li>\n<li>Sprickor, serienummer p\u00e5 program eller annat inneh\u00e5ll som kr\u00e4nker tredje parts immateriella r\u00e4ttigheter.<\/li>\n<li>Insamling och \/ eller anv\u00e4ndning av personuppgifter fr\u00e5n andra anv\u00e4ndare utan deras uttryckliga medgivande eller i strid med best\u00e4mmelserna i Europaparlamentets och r\u00e5dets f\u00f6rordning (EU) 2016\/679 av den 27 april 2016 om skydd av m\u00e4nniskor n\u00e4r det g\u00e4ller behandling av personuppgifter och fri r\u00f6rlighet f\u00f6r dem.<\/li>\n<li>Anv\u00e4nd dom\u00e4nens e-postserver och e-postadresser f\u00f6r att skicka skr\u00e4ppost.<\/li>\n<\/ul>\n<p>Anv\u00e4ndaren \u00e4r fullt ansvarig f\u00f6r inneh\u00e5llet p\u00e5 sin webbplats, den information som \u00f6verf\u00f6rs och lagras, hypertextl\u00e4nkar, anspr\u00e5k fr\u00e5n tredje part och r\u00e4ttsliga \u00e5tg\u00e4rder avseende immateriell egendom, tredje parts r\u00e4ttigheter och skydd f\u00f6r minder\u00e5riga.<\/p>\n<p>Anv\u00e4ndaren \u00e4r ansvarig f\u00f6r g\u00e4llande lagar och regler och regler som har att g\u00f6ra med onlinetj\u00e4nstens drift, elektronisk handel, upphovsr\u00e4tt, uppr\u00e4tth\u00e5llande av allm\u00e4n ordning samt de allm\u00e4nna principerna f\u00f6r internetanv\u00e4ndning.<\/p>\n<p>Anv\u00e4ndaren kompenserar de kostnader som genereras av f\u00f6rdelningen av<\/p>\n<p>Interreviewers i alla fall vars ansvar kan tillskrivas anv\u00e4ndaren, inklusive juridiska f\u00f6rsvarsavgifter och utgifter, \u00e4ven i fallet med ett icke-fast r\u00e4ttsligt beslut.<\/p>\n<h3>Skydd av v\u00e4rdinformation<\/h3>\n<p>Interadvisors g\u00f6r s\u00e4kerhetskopior av inneh\u00e5llet p\u00e5 sina servrar, men det \u00e4r inte ansvarigt f\u00f6r f\u00f6rlust eller oavsiktlig radering av data fr\u00e5n anv\u00e4ndarna.\u00a0P\u00e5 samma s\u00e4tt garanterar det inte det totala utbytet av data som raderats av anv\u00e4ndare, eftersom n\u00e4mnda data kunde ha raderats och \/ eller modifierats under den tid som har g\u00e5tt sedan den senaste s\u00e4kerhetskopian.<\/p>\n<h3>Kommersiell kommunikation<\/h3>\n<p>I till\u00e4mpning av LSSI.\u00a0Tittarna kommer inte att skicka reklam eller reklamkommunikation via e-post eller andra likv\u00e4rdiga elektroniska kommunikationsmedel som inte tidigare har beg\u00e4rts eller uttryckligen godk\u00e4nts av mottagarna av samma.<\/p>\n<p>N\u00e4r det g\u00e4ller anv\u00e4ndare som det har ett tidigare avtalsf\u00f6rh\u00e5llande med, har Interadvisors auktorisation att skicka kommersiell kommunikation om produkter eller tj\u00e4nster som liknar de som ursprungligen avtalades med kunden.\u00a0I vilket fall som helst kan anv\u00e4ndaren, efter att ha bevisat sin identitet, beg\u00e4ra att ingen mer kommersiell information skickas till dem via kundtj\u00e4nstkanalerna.<\/p>\n<p>\n<\/div><\/div><\/div><\/div><\/div><\/section>\n","protected":false},"excerpt":{"rendered":"","protected":false},"author":1,"featured_media":0,"parent":0,"menu_order":0,"comment_status":"closed","ping_status":"closed","template":"","meta":{"footnotes":""},"class_list":["post-719","page","type-page","status-publish","hentry"],"_links":{"self":[{"href":"https:\/\/www.interadvisors.es\/sv\/wp-json\/wp\/v2\/pages\/719","targetHints":{"allow":["GET"]}}],"collection":[{"href":"https:\/\/www.interadvisors.es\/sv\/wp-json\/wp\/v2\/pages"}],"about":[{"href":"https:\/\/www.interadvisors.es\/sv\/wp-json\/wp\/v2\/types\/page"}],"author":[{"embeddable":true,"href":"https:\/\/www.interadvisors.es\/sv\/wp-json\/wp\/v2\/users\/1"}],"replies":[{"embeddable":true,"href":"https:\/\/www.interadvisors.es\/sv\/wp-json\/wp\/v2\/comments?post=719"}],"version-history":[{"count":1,"href":"https:\/\/www.interadvisors.es\/sv\/wp-json\/wp\/v2\/pages\/719\/revisions"}],"predecessor-version":[{"id":762,"href":"https:\/\/www.interadvisors.es\/sv\/wp-json\/wp\/v2\/pages\/719\/revisions\/762"}],"wp:attachment":[{"href":"https:\/\/www.interadvisors.es\/sv\/wp-json\/wp\/v2\/media?parent=719"}],"curies":[{"name":"wp","href":"https:\/\/api.w.org\/{rel}","templated":true}]}}