{"id":708,"date":"2020-09-12T11:26:32","date_gmt":"2020-09-12T11:26:32","guid":{"rendered":"https:\/\/www.interadvisors.es\/about\/"},"modified":"2021-02-17T10:24:25","modified_gmt":"2021-02-17T10:24:25","slug":"om-oss","status":"publish","type":"page","link":"https:\/\/www.interadvisors.es\/sv\/om-oss\/","title":{"rendered":"OM OSS"},"content":{"rendered":"<section class=\"kc-elm kc-css-289419 kc_row\"><div class=\"kc-row-container  kc-container\"><div class=\"kc-wrap-columns\"><div class=\"kc-elm kc-css-865816 kc_col-sm-12 kc_column kc_col-sm-12\"><div class=\"kc-col-container\"><div class=\"kc-elm kc-css-524392 kc-animated kc-animate-eff-bounceInLeft kc_text_block\"><\/p>\n<h2><b>Om oss<\/b><\/h2>\n<p>INTER ADVISORS,\u00a0 Advokatbyr\u00e5 har r\u00e5dgivit skandinaver p\u00e5\u00a0 Costa Blanca i n\u00e4stan 15 \u00e5r. V\u00e5rt kontor \u00e4r specialiserade p\u00e5 juridisk r\u00e5dgivning och fastighetsbeskattning. Vi erbjuder helt\u00e4ckande tj\u00e4nster inom de r\u00e4ttsomr\u00e5den som ni ber\u00f6rs av som \u00e4gare av en bostad i Spanien.<\/p>\n<p>Till skillnad fr\u00e5n stora byr\u00e5er tar vi hand om klienten fr\u00e5n b\u00f6rjan till slut, utan undantag. Vi arbetar utifr\u00e5n era intressen och skapar varaktiga samarbeten som bygger p\u00e5 absolut f\u00f6rtroende. Och med \u00f6ppenhet och professionell r\u00e5dgivning visar vi dessutom att det finns ett annat och b\u00e4ttre s\u00e4tt att g\u00f6ra saker p\u00e5.<\/p>\n<p>Men det \u00e4r v\u00e5rt arbete som ska tala f\u00f6r sig sj\u00e4lv. Vi kommer att finnas till hands n\u00e4r ni beh\u00f6ver oss.<\/p>\n<p>\n<\/div><div class=\"kc-elm kc-css-98750\">\n\t<div class=\"kc-carousel_images kc-elm kc-css-98750\">\n\t\n\t\t<div class=\"kc-carousel-images owl-carousel-images kc-sync1 \" data-owl-i-options='{\"items\":\"3\",\"tablet\":\"2\",\"mobile\":\"1\",\"speed\":\"500\",\"navigation\":\"yes\",\"pagination\":\"yes\",\"autoheight\":\"\",\"progressbar\":\"\",\"delay\":\"8\",\"autoplay\":\"yes\",\"showthumb\":\"\",\"num_thumb\":\"5\"}'>\n\t\n\t\t\t\t\t<div class=\"item\">\n\t\n\t\t\t<a class=\"kc-image-link kc-pretty-photo\" data-lightbox=\"kc-lightbox\" rel=\"prettyPhoto[98750]\" href=\"https:\/\/www.interadvisors.es\/wp-content\/uploads\/2021\/02\/2-scaled.jpg\"><img decoding=\"async\" src=\"https:\/\/www.interadvisors.es\/wp-content\/uploads\/2021\/02\/2-scaled.jpg\" alt=\"\" \/><\/a>\t\n\t\t\t<\/div>\n\t\n\t\t\t\t\t<div class=\"item\">\n\t\n\t\t\t<a class=\"kc-image-link kc-pretty-photo\" data-lightbox=\"kc-lightbox\" rel=\"prettyPhoto[98750]\" href=\"https:\/\/www.interadvisors.es\/wp-content\/uploads\/2021\/02\/1-scaled.jpg\"><img decoding=\"async\" src=\"https:\/\/www.interadvisors.es\/wp-content\/uploads\/2021\/02\/1-scaled.jpg\" alt=\"\" \/><\/a>\t\n\t\t\t<\/div>\n\t\n\t\t\t\t\t<div class=\"item\">\n\t\n\t\t\t<a class=\"kc-image-link kc-pretty-photo\" data-lightbox=\"kc-lightbox\" rel=\"prettyPhoto[98750]\" href=\"https:\/\/www.interadvisors.es\/wp-content\/uploads\/2021\/02\/3-scaled.jpg\"><img decoding=\"async\" src=\"https:\/\/www.interadvisors.es\/wp-content\/uploads\/2021\/02\/3-scaled.jpg\" alt=\"\" \/><\/a>\t\n\t\t\t<\/div>\n\t\n\t\t\t\t\t<div class=\"item\">\n\t\n\t\t\t<a class=\"kc-image-link kc-pretty-photo\" data-lightbox=\"kc-lightbox\" rel=\"prettyPhoto[98750]\" href=\"https:\/\/www.interadvisors.es\/wp-content\/uploads\/2021\/02\/6-scaled.jpg\"><img decoding=\"async\" src=\"https:\/\/www.interadvisors.es\/wp-content\/uploads\/2021\/02\/6-scaled.jpg\" alt=\"\" \/><\/a>\t\n\t\t\t<\/div>\n\t\n\t\t\t\t\t<div class=\"item\">\n\t\n\t\t\t<a class=\"kc-image-link kc-pretty-photo\" data-lightbox=\"kc-lightbox\" rel=\"prettyPhoto[98750]\" href=\"https:\/\/www.interadvisors.es\/wp-content\/uploads\/2021\/02\/4-scaled.jpg\"><img decoding=\"async\" src=\"https:\/\/www.interadvisors.es\/wp-content\/uploads\/2021\/02\/4-scaled.jpg\" alt=\"\" \/><\/a>\t\n\t\t\t<\/div>\n\t\n\t\t\t\t\t<div class=\"item\">\n\t\n\t\t\t<a class=\"kc-image-link kc-pretty-photo\" data-lightbox=\"kc-lightbox\" rel=\"prettyPhoto[98750]\" href=\"https:\/\/www.interadvisors.es\/wp-content\/uploads\/2021\/02\/8-scaled.jpg\"><img decoding=\"async\" src=\"https:\/\/www.interadvisors.es\/wp-content\/uploads\/2021\/02\/8-scaled.jpg\" alt=\"\" \/><\/a>\t\n\t\t\t<\/div>\n\t\n\t\t\t\t\t<div class=\"item\">\n\t\n\t\t\t<a class=\"kc-image-link kc-pretty-photo\" data-lightbox=\"kc-lightbox\" rel=\"prettyPhoto[98750]\" href=\"https:\/\/www.interadvisors.es\/wp-content\/uploads\/2021\/02\/5-scaled.jpg\"><img decoding=\"async\" src=\"https:\/\/www.interadvisors.es\/wp-content\/uploads\/2021\/02\/5-scaled.jpg\" alt=\"\" \/><\/a>\t\n\t\t\t<\/div>\n\t\n\t\t\t\t\t<div class=\"item\">\n\t\n\t\t\t<a class=\"kc-image-link kc-pretty-photo\" data-lightbox=\"kc-lightbox\" rel=\"prettyPhoto[98750]\" href=\"https:\/\/www.interadvisors.es\/wp-content\/uploads\/2021\/02\/7-scaled.jpg\"><img decoding=\"async\" src=\"https:\/\/www.interadvisors.es\/wp-content\/uploads\/2021\/02\/7-scaled.jpg\" alt=\"\" \/><\/a>\t\n\t\t\t<\/div>\n\t\n\t\t\t\n\t\t<\/div>\n\t\n\t\t\t<\/div>\n<\/div>\n<\/div><\/div><\/div><\/div><\/section>\n","protected":false},"excerpt":{"rendered":"","protected":false},"author":1,"featured_media":0,"parent":0,"menu_order":0,"comment_status":"closed","ping_status":"closed","template":"","meta":{"footnotes":""},"class_list":["post-708","page","type-page","status-publish","hentry"],"_links":{"self":[{"href":"https:\/\/www.interadvisors.es\/sv\/wp-json\/wp\/v2\/pages\/708","targetHints":{"allow":["GET"]}}],"collection":[{"href":"https:\/\/www.interadvisors.es\/sv\/wp-json\/wp\/v2\/pages"}],"about":[{"href":"https:\/\/www.interadvisors.es\/sv\/wp-json\/wp\/v2\/types\/page"}],"author":[{"embeddable":true,"href":"https:\/\/www.interadvisors.es\/sv\/wp-json\/wp\/v2\/users\/1"}],"replies":[{"embeddable":true,"href":"https:\/\/www.interadvisors.es\/sv\/wp-json\/wp\/v2\/comments?post=708"}],"version-history":[{"count":5,"href":"https:\/\/www.interadvisors.es\/sv\/wp-json\/wp\/v2\/pages\/708\/revisions"}],"predecessor-version":[{"id":863,"href":"https:\/\/www.interadvisors.es\/sv\/wp-json\/wp\/v2\/pages\/708\/revisions\/863"}],"wp:attachment":[{"href":"https:\/\/www.interadvisors.es\/sv\/wp-json\/wp\/v2\/media?parent=708"}],"curies":[{"name":"wp","href":"https:\/\/api.w.org\/{rel}","templated":true}]}}