{"id":732,"date":"2017-06-15T11:44:02","date_gmt":"2017-06-15T11:44:02","guid":{"rendered":"https:\/\/www.interadvisors.es\/home\/"},"modified":"2021-02-15T11:11:12","modified_gmt":"2021-02-15T11:11:12","slug":"home","status":"publish","type":"page","link":"https:\/\/www.interadvisors.es\/es\/","title":{"rendered":"Inicio"},"content":{"rendered":"<p><section class=\"kc-elm kc-css-813034 kc_row\"><div class=\"kc-row-container  kc-container\"><div class=\"kc-wrap-columns\"><div class=\"kc-elm kc-css-795774 kc_col-sm-12 kc_column kc_col-sm-12\"><div class=\"kc-col-container\">\n\t<!--Main Slider-->\n\t<section class=\"rev_slider_wrapper\">\n    \t\n\t\t\t<!-- START Home REVOLUTION SLIDER 6.2.2 --><p class=\"rs-p-wp-fix\"><\/p>\n\t\t\t<rs-module-wrap id=\"rev_slider_1_1_wrapper\" data-source=\"gallery\" style=\"background:transparent;padding:0;margin:0px auto;margin-top:0;margin-bottom:0;\">\n\t\t\t\t<rs-module id=\"rev_slider_1_1\" style=\"display:none;\" data-version=\"6.2.2\">\n\t\t\t\t\t<rs-slides>\n\t\t\t\t\t\t<rs-slide data-key=\"rs-1\" data-title=\"Slide\" data-thumb=\"\/\/www.interadvisors.es\/wp-content\/uploads\/2021\/02\/5-scaled-100x50.jpg\" data-anim=\"ei:d;eo:d;s:600;r:0;t:fade;sl:d;\">\n\t\t\t\t\t\t\t<img loading=\"lazy\" decoding=\"async\" src=\"\/\/www.interadvisors.es\/wp-content\/uploads\/2021\/02\/5-scaled.jpg\" title=\"5\" width=\"2560\" height=\"1920\" class=\"rev-slidebg\" data-no-retina>\n<!--\n\t\t\t\t\t\t\t--><rs-layer\n\t\t\t\t\t\t\t\tid=\"slider-1-slide-1-layer-1\" \n\t\t\t\t\t\t\t\tdata-type=\"text\"\n\t\t\t\t\t\t\t\tdata-color=\"#ffcc00\"\n\t\t\t\t\t\t\t\tdata-rsp_ch=\"on\"\n\t\t\t\t\t\t\t\tdata-xy=\"x:c;y:c;yo:-125px;\"\n\t\t\t\t\t\t\t\tdata-text=\"s:75;l:22;a:center;\"\n\t\t\t\t\t\t\t\tdata-dim=\"h:94px;\"\n\t\t\t\t\t\t\t\tdata-frame_0=\"y:-100%;o:1;tp:600;\"\n\t\t\t\t\t\t\t\tdata-frame_0_mask=\"u:t;\"\n\t\t\t\t\t\t\t\tdata-frame_1=\"tp:600;sp:1500;\"\n\t\t\t\t\t\t\t\tdata-frame_1_mask=\"u:t;\"\n\t\t\t\t\t\t\t\tdata-frame_999=\"o:0;tp:600;st:w;sR:7500;\"\n\t\t\t\t\t\t\t\tstyle=\"z-index:5;font-family:Open Sans;\"\n\t\t\t\t\t\t\t><br\/>Nuestra \u00fanica preocupaci\u00f3n, usted \n\t\t\t\t\t\t\t<\/rs-layer><!--\n\n\t\t\t\t\t\t\t--><rs-layer\n\t\t\t\t\t\t\t\tid=\"slider-1-slide-1-layer-8\" \n\t\t\t\t\t\t\t\tdata-type=\"text\"\n\t\t\t\t\t\t\t\tdata-color=\"#ffffff\"\n\t\t\t\t\t\t\t\tdata-rsp_ch=\"on\"\n\t\t\t\t\t\t\t\tdata-xy=\"x:c;y:c;yo:-25px;\"\n\t\t\t\t\t\t\t\tdata-text=\"s:36;l:22;a:inherit;\"\n\t\t\t\t\t\t\t\tdata-dim=\"h:63px;\"\n\t\t\t\t\t\t\t\tdata-frame_0=\"y:-100%;o:1;tp:600;\"\n\t\t\t\t\t\t\t\tdata-frame_0_mask=\"u:t;\"\n\t\t\t\t\t\t\t\tdata-frame_1=\"tp:600;sp:1500;\"\n\t\t\t\t\t\t\t\tdata-frame_1_mask=\"u:t;\"\n\t\t\t\t\t\t\t\tdata-frame_999=\"o:0;tp:600;st:w;sR:7500;\"\n\t\t\t\t\t\t\t\tstyle=\"z-index:5;font-family:Open Sans;\"\n\t\t\t\t\t\t\t><br\/>Le ofrecemos todos los servicios legales que necesita en Espa\u00f1a \n\t\t\t\t\t\t\t<\/rs-layer><!--\n-->\t\t\t\t\t\t<\/rs-slide>\n\t\t\t\t\t\t<rs-slide data-key=\"rs-2\" data-title=\"Slide\" data-thumb=\"\/\/www.interadvisors.es\/wp-content\/uploads\/2021\/02\/6-scaled-100x50.jpg\" data-anim=\"ei:d;eo:d;s:600;r:0;t:fade;sl:d;\">\n\t\t\t\t\t\t\t<img loading=\"lazy\" decoding=\"async\" src=\"\/\/www.interadvisors.es\/wp-content\/uploads\/2021\/02\/6-scaled.jpg\" title=\"6\" width=\"2560\" height=\"1920\" class=\"rev-slidebg\" data-no-retina>\n<!--\n\t\t\t\t\t\t\t--><rs-layer\n\t\t\t\t\t\t\t\tid=\"slider-1-slide-2-layer-1\" \n\t\t\t\t\t\t\t\tdata-type=\"text\"\n\t\t\t\t\t\t\t\tdata-color=\"#ffcc00\"\n\t\t\t\t\t\t\t\tdata-rsp_ch=\"on\"\n\t\t\t\t\t\t\t\tdata-xy=\"x:c;y:c;yo:-120px;\"\n\t\t\t\t\t\t\t\tdata-text=\"w:nowrap;s:75;l:26;a:center;\"\n\t\t\t\t\t\t\t\tdata-dim=\"h:87px;maxh:146;\"\n\t\t\t\t\t\t\t\tdata-frame_0=\"y:-100%;o:1;tp:600;\"\n\t\t\t\t\t\t\t\tdata-frame_0_mask=\"u:t;\"\n\t\t\t\t\t\t\t\tdata-frame_1=\"tp:600;sp:1500;\"\n\t\t\t\t\t\t\t\tdata-frame_1_mask=\"u:t;\"\n\t\t\t\t\t\t\t\tdata-frame_999=\"o:0;tp:600;st:w;sR:7500;\"\n\t\t\t\t\t\t\t\tstyle=\"z-index:5;font-family:Open Sans;\"\n\t\t\t\t\t\t\t><br \/>Hablamos el mismo idioma \n\t\t\t\t\t\t\t<\/rs-layer><!--\n\n\t\t\t\t\t\t\t--><rs-layer\n\t\t\t\t\t\t\t\tid=\"slider-1-slide-2-layer-3\" \n\t\t\t\t\t\t\t\tdata-type=\"text\"\n\t\t\t\t\t\t\t\tdata-color=\"#000000\"\n\t\t\t\t\t\t\t\tdata-rsp_ch=\"on\"\n\t\t\t\t\t\t\t\tdata-xy=\"x:c;y:c;yo:-10px;\"\n\t\t\t\t\t\t\t\tdata-text=\"s:36;l:22;a:inherit;\"\n\t\t\t\t\t\t\t\tdata-dim=\"h:58px;\"\n\t\t\t\t\t\t\t\tdata-basealign=\"slide\"\n\t\t\t\t\t\t\t\tdata-frame_0=\"y:-100%;o:1;tp:600;\"\n\t\t\t\t\t\t\t\tdata-frame_0_mask=\"u:t;\"\n\t\t\t\t\t\t\t\tdata-frame_1=\"tp:600;sp:2000;\"\n\t\t\t\t\t\t\t\tdata-frame_1_mask=\"u:t;\"\n\t\t\t\t\t\t\t\tdata-frame_999=\"o:0;tp:600;st:w;sR:7000;\"\n\t\t\t\t\t\t\t\tstyle=\"z-index:7;font-family:Open Sans;\"\n\t\t\t\t\t\t\t><br\/>Hablamos ingl\u00e9s, espa\u00f1ol, sueco, alem\u00e1n y noruego \n\t\t\t\t\t\t\t<\/rs-layer><!--\n-->\t\t\t\t\t\t<\/rs-slide>\n\t\t\t\t\t\t<rs-slide data-key=\"rs-3\" data-title=\"Slide\" data-thumb=\"\/\/www.interadvisors.es\/wp-content\/uploads\/2021\/02\/4-scaled-100x50.jpg\" data-anim=\"ei:d;eo:d;s:600;r:0;t:fade;sl:d;\">\n\t\t\t\t\t\t\t<img loading=\"lazy\" decoding=\"async\" src=\"\/\/www.interadvisors.es\/wp-content\/uploads\/2021\/02\/4-scaled.jpg\" title=\"4\" width=\"2560\" height=\"1920\" class=\"rev-slidebg\" data-no-retina>\n<!--\n\t\t\t\t\t\t\t--><rs-layer\n\t\t\t\t\t\t\t\tid=\"slider-1-slide-3-layer-1\" \n\t\t\t\t\t\t\t\tdata-type=\"text\"\n\t\t\t\t\t\t\t\tdata-color=\"#ffcc00\"\n\t\t\t\t\t\t\t\tdata-rsp_ch=\"on\"\n\t\t\t\t\t\t\t\tdata-xy=\"x:c;y:c;yo:-125px;\"\n\t\t\t\t\t\t\t\tdata-text=\"s:70;l:22;a:center;\"\n\t\t\t\t\t\t\t\tdata-dim=\"w:1195px;h:101px;\"\n\t\t\t\t\t\t\t\tdata-basealign=\"slide\"\n\t\t\t\t\t\t\t\tdata-frame_0=\"y:-100%;o:1;tp:600;\"\n\t\t\t\t\t\t\t\tdata-frame_0_mask=\"u:t;\"\n\t\t\t\t\t\t\t\tdata-frame_1=\"tp:600;sp:1500;\"\n\t\t\t\t\t\t\t\tdata-frame_1_mask=\"u:t;\"\n\t\t\t\t\t\t\t\tdata-frame_999=\"o:0;tp:600;st:w;sR:7500;\"\n\t\t\t\t\t\t\t\tstyle=\"z-index:5;font-family:Open Sans;\"\n\t\t\t\t\t\t\t><br\/>Compre o venda su casa en Espa\u00f1a \n\t\t\t\t\t\t\t<\/rs-layer><!--\n\n\t\t\t\t\t\t\t--><rs-layer\n\t\t\t\t\t\t\t\tid=\"slider-1-slide-3-layer-9\" \n\t\t\t\t\t\t\t\tdata-type=\"text\"\n\t\t\t\t\t\t\t\tdata-color=\"#666666\"\n\t\t\t\t\t\t\t\tdata-rsp_ch=\"on\"\n\t\t\t\t\t\t\t\tdata-xy=\"x:c;xo:6px;y:c;yo:50px;\"\n\t\t\t\t\t\t\t\tdata-text=\"s:36;l:22;a:center;\"\n\t\t\t\t\t\t\t\tdata-dim=\"h:97px;\"\n\t\t\t\t\t\t\t\tdata-frame_0=\"y:-100%;o:1;tp:600;\"\n\t\t\t\t\t\t\t\tdata-frame_0_mask=\"u:t;\"\n\t\t\t\t\t\t\t\tdata-frame_1=\"tp:600;sp:1500;\"\n\t\t\t\t\t\t\t\tdata-frame_1_mask=\"u:t;\"\n\t\t\t\t\t\t\t\tdata-frame_999=\"o:0;tp:600;st:w;sR:7500;\"\n\t\t\t\t\t\t\t\tstyle=\"z-index:5;font-family:Open Sans;\"\n\t\t\t\t\t\t\t><br\/>Llevamos a\u00f1os haciendo realidad los sue\u00f1os de muchas personas \n\t\t\t\t\t\t\t<\/rs-layer><!--\n-->\t\t\t\t\t\t<\/rs-slide>\n\t\t\t\t\t<\/rs-slides>\n\t\t\t\t\t<rs-progress class=\"rs-bottom\" style=\"visibility: hidden !important;\"><\/rs-progress>\n\t\t\t\t<\/rs-module>\n\t\t\t\t<script type=\"text\/javascript\">\n\t\t\t\t\tsetREVStartSize({c: 'rev_slider_1_1',rl:[1240,1024,778,480],el:[800],gw:[1200],gh:[800],type:'standard',justify:'',layout:'fullwidth',mh:\"0\"});\n\t\t\t\t\tvar\trevapi1,\n\t\t\t\t\t\ttpj;\n\t\t\t\t\tjQuery(function() {\n\t\t\t\t\t\ttpj = jQuery;\n\t\t\t\t\t\tif(tpj(\"#rev_slider_1_1\").revolution == undefined){\n\t\t\t\t\t\t\trevslider_showDoubleJqueryError(\"#rev_slider_1_1\");\n\t\t\t\t\t\t}else{\n\t\t\t\t\t\t\trevapi1 = tpj(\"#rev_slider_1_1\").show().revolution({\n\t\t\t\t\t\t\t\tjsFileLocation:\"\/\/www.interadvisors.es\/wp-content\/plugins\/revslider\/public\/assets\/js\/\",\n\t\t\t\t\t\t\t\tsliderLayout:\"fullwidth\",\n\t\t\t\t\t\t\t\tvisibilityLevels:\"1240,1024,778,480\",\n\t\t\t\t\t\t\t\tgridwidth:1200,\n\t\t\t\t\t\t\t\tgridheight:800,\n\t\t\t\t\t\t\t\tspinner:\"spinner0\",\n\t\t\t\t\t\t\t\teditorheight:\"800,768,960,720\",\n\t\t\t\t\t\t\t\tresponsiveLevels:\"1240,1024,778,480\",\n\t\t\t\t\t\t\t\tdisableProgressBar:\"on\",\n\t\t\t\t\t\t\t\tnavigation: {\n\t\t\t\t\t\t\t\t\tmouseScrollNavigation:false,\n\t\t\t\t\t\t\t\t\tonHoverStop:false,\n\t\t\t\t\t\t\t\t\tarrows: {\n\t\t\t\t\t\t\t\t\t\tenable:true,\n\t\t\t\t\t\t\t\t\t\tstyle:\"persephone\",\n\t\t\t\t\t\t\t\t\t\tleft: {\n\n\t\t\t\t\t\t\t\t\t\t},\n\t\t\t\t\t\t\t\t\t\tright: {\n\n\t\t\t\t\t\t\t\t\t\t}\n\t\t\t\t\t\t\t\t\t}\n\t\t\t\t\t\t\t\t},\n\t\t\t\t\t\t\t\tfallbacks: {\n\t\t\t\t\t\t\t\t\tallowHTML5AutoPlayOnAndroid:true\n\t\t\t\t\t\t\t\t},\n\t\t\t\t\t\t\t});\n\t\t\t\t\t\t}\n\t\t\t\t\t\t\n\t\t\t\t\t});\n\t\t\t\t<\/script>\n\t\t\t\t<script>\n\t\t\t\t\tvar htmlDivCss = unescape(\"%23rev_slider_1_1_wrapper%20.persephone.tparrows%20%7B%0A%09cursor%3Apointer%3B%0A%09background%3Argba%28201%2C201%2C201%2C0.75%29%3B%0A%09width%3A40px%3B%0A%09height%3A40px%3B%0A%09position%3Aabsolute%3B%0A%09display%3Ablock%3B%0A%09z-index%3A1000%3B%0A%20%20%20%20border%3A1px%20solid%20%23ffffff%3B%0A%7D%0A%23rev_slider_1_1_wrapper%20.persephone.tparrows%3Ahover%20%7B%0A%09background%3A%23000000%3B%0A%7D%0A%23rev_slider_1_1_wrapper%20.persephone.tparrows%3Abefore%20%7B%0A%09font-family%3A%20%27revicons%27%3B%0A%09font-size%3A15px%3B%0A%09color%3A%20%23ffffff%3B%0A%09display%3Ablock%3B%0A%09line-height%3A%2040px%3B%0A%09text-align%3A%20center%3B%0A%7D%0A%23rev_slider_1_1_wrapper%20.persephone.tparrows.tp-leftarrow%3Abefore%20%7B%0A%09content%3A%20%27%5Ce824%27%3B%0A%7D%0A%23rev_slider_1_1_wrapper%20.persephone.tparrows.tp-rightarrow%3Abefore%20%7B%0A%09content%3A%20%27%5Ce825%0A%27%3B%0A%7D%0A%0A%0A\");\n\t\t\t\t\tvar htmlDiv = document.getElementById('rs-plugin-settings-inline-css');\n\t\t\t\t\tif(htmlDiv) {\n\t\t\t\t\t\thtmlDiv.innerHTML = htmlDiv.innerHTML + htmlDivCss;\n\t\t\t\t\t}else{\n\t\t\t\t\t\tvar htmlDiv = document.createElement('div');\n\t\t\t\t\t\thtmlDiv.innerHTML = '<style>' + htmlDivCss + '<\/style>';\n\t\t\t\t\t\tdocument.getElementsByTagName('head')[0].appendChild(htmlDiv.childNodes[0]);\n\t\t\t\t\t}\n\t\t\t\t<\/script>\n\t\t\t\t<script>\n\t\t\t\t\tvar htmlDivCss = unescape(\"%0A%0A%0A\");\n\t\t\t\t\tvar htmlDiv = document.getElementById('rs-plugin-settings-inline-css');\n\t\t\t\t\tif(htmlDiv) {\n\t\t\t\t\t\thtmlDiv.innerHTML = htmlDiv.innerHTML + htmlDivCss;\n\t\t\t\t\t}else{\n\t\t\t\t\t\tvar htmlDiv = document.createElement('div');\n\t\t\t\t\t\thtmlDiv.innerHTML = '<style>' + htmlDivCss + '<\/style>';\n\t\t\t\t\t\tdocument.getElementsByTagName('head')[0].appendChild(htmlDiv.childNodes[0]);\n\t\t\t\t\t}\n\t\t\t\t<\/script>\n\t\t\t<\/rs-module-wrap>\n\t\t\t<!-- END REVOLUTION SLIDER -->\n\t<\/section>\n\t<!--End Main Slider-->\n\n<\/div><\/div><\/div><\/div><\/section><section class=\"kc-elm kc-css-292561 kc-animated kc-animate-eff-bounceIn kc_row\"><div class=\"kc-row-container\"><div class=\"kc-wrap-columns\"><div class=\"kc-elm kc-css-850871 kc_col-sm-12 kc_column kc_col-sm-12\"><div class=\"kc-col-container\"><\/div><\/div><\/div><\/div><\/section><section class=\"kc-elm kc-css-712067 kc_row\"><div class=\"kc-row-container  kc-container\"><div class=\"kc-wrap-columns\"><div class=\"kc-elm kc-css-947728 kc_col-sm-12 kc_column kc_col-sm-12\"><div class=\"kc-col-container\"><!--Start about area-->  \n<section class=\"about-area sec-padding\">\n    <div class=\"container\">\n        <div class=\"sec-title pdb-50 text-center\">\n            <h1>Sobre nosotros<\/h1>\n            <span class=\"border-center\"><\/span>\n        <\/div>\n        <div class=\"row\">\n            <div class=\"col-lg-6 col-md-12\">\n                <div class=\"img-holder\">\n                    <img decoding=\"async\" src=\"https:\/\/www.interadvisors.es\/wp-content\/uploads\/2021\/02\/1-scaled.jpg\" alt=\"Awesome Image\">\n                <\/div>\n            <\/div>\n            <div class=\"col-lg-6 col-md-12\">\n                <div class=\"text-holder\">\n                    <div class=\"top-text\">\n                        <h3>A\u00f1os de experiencia ayudando a personas a disfrutar de Espa\u00f1a<\/h3>  \n                        <p>Tenemos una gran experiencia trabajando en Orihuela Costa y Torrevieja, convirtiendo en realidad los sue\u00f1os de las personas con nuestras soluciones legales. Olv\u00eddese de los l\u00edos burocr\u00e1ticos \u00a1Lo simplificamos! Somos expertos en sus necesidades legales.<\/p> \n                    <\/div>\n                    <div class=\"bottom-text\">\n                        <span>Confiable y seguro<\/span>\n                        <p>Le ayudamos a trav\u00e9s de un proceso personalizado, cercano y transparente con todo lo que necesite. Le ayudamos a encontrar, comprar y vender su propiedad en Espa\u00f1a. Tambi\u00e9n podemos ayudarlo con su herencia, traspasos y otros procesos legales distintos \u00a1Descubra todos nuestros servicios!<\/p>\n                    <\/div>\n                    <div class=\"bottom\">\n                        <a class=\"readmore thm-btn bgclr-1\" href=\"\/es\/services\/\">Nuestros servicios<\/a>\n                        <div class=\"signature\">\n                            <img decoding=\"async\" src=\"https:\/\/www.interadvisors.es\/wp-content\/uploads\/2020\/09\/logo-small.png\" alt=\"Signature\">\n                        <\/div>\n                    <\/div>\n                <\/div>\n            <\/div>\n        <\/div>\n        <div class=\"promotion-box\">\n            <div class=\"row\">\n                            <\/div>\n        <\/div>\n    <\/div>\n<\/section>           \n<!--End about area--> <\/div><\/div><\/div><\/div><\/section><section class=\"kc-elm kc-css-14661 kc_row\"><div class=\"kc-row-container  kc-container\"><div class=\"kc-wrap-columns\"><div class=\"kc-elm kc-css-292844 kc_col-sm-4 kc_column kc_col-sm-4\"><div class=\"kc-col-container\"><div class=\"kc-elm kc-css-477206 kc-animated kc-animate-eff-bounceInLeft kc-icon-wrapper\">\n\t\t<i class=\"fa-briefcase\"><\/i>\n\t<\/div>\n<div class=\"kc-elm kc-css-315990 kc-animated kc-animate-eff-bounceInLeft kc_text_block\"><\/p>\n<h3>Herencias<\/h3>\n<hr \/>\n<p><span class=\"JLqJ4b ChMk0b\" data-language-for-alternatives=\"es\" data-language-to-translate-into=\"auto\" data-phrase-index=\"0\">Heredar activos puede ser un proceso dif\u00edcil si no est\u00e1 seguro de c\u00f3mo funciona la ley espa\u00f1ola de sucesiones.<\/span> <span class=\"JLqJ4b ChMk0b\" data-language-for-alternatives=\"es\" data-language-to-translate-into=\"auto\" data-phrase-index=\"1\">Tanto si aparece en un testamento o cree que tiene derecho a una parte del patrimonio del fallecido, es importante obtener asesoramiento legal independiente.<\/span><\/p>\n<p>\n<\/div><\/div><\/div><div class=\"kc-elm kc-css-124422 kc_col-sm-4 kc_column kc_col-sm-4\"><div class=\"kc-col-container\"><div class=\"kc-elm kc-css-452875 kc-animated kc-animate-eff-bounceInDown kc-icon-wrapper\">\n\t\t<i class=\"fa-id-card\"><\/i>\n\t<\/div>\n<div class=\"kc-elm kc-css-422140 kc-animated kc-animate-eff-bounceInDown kc_text_block\"><\/p>\n<h3>NIE<\/h3>\n<hr \/>\n<p><span class=\"JLqJ4b ChMk0b\" data-language-for-alternatives=\"es\" data-language-to-translate-into=\"auto\" data-phrase-index=\"0\">El NIE N\u00famero es emitido por la Polic\u00eda Nacional y de acuerdo con la ley espa\u00f1ola es un requisito para todas las personas que realizan cualquier tipo de negocio dentro de Espa\u00f1a que implique la compra o venta de cualquier art\u00edculo.<\/span> <span class=\"JLqJ4b ChMk0b\" data-language-for-alternatives=\"es\" data-language-to-translate-into=\"auto\" data-phrase-index=\"1\">El gobierno espa\u00f1ol ha vinculado el n\u00famero NIE a varios otros departamentos, como la Seguridad Social y la residencia.<\/span><\/p>\n<p>\n<\/div><\/div><\/div><div class=\"kc-elm kc-css-683810 kc_col-sm-4 kc_column kc_col-sm-4\"><div class=\"kc-col-container\"><div class=\"kc-elm kc-css-887208 kc-animated kc-animate-eff-bounceInRight kc-icon-wrapper\">\n\t\t<i class=\"fa-home\"><\/i>\n\t<\/div>\n<div class=\"kc-elm kc-css-555226 kc-animated kc-animate-eff-bounceInRight kc_text_block\"><\/p>\n<h3>Residencia<\/h3>\n<hr \/>\n<p>Si vive en Espa\u00f1a m\u00e1s de 183 d\u00edas al a\u00f1o obtendr\u00e1 la consideraci\u00f3n de residente y por tanto deber\u00e1 solicitar un certificado de residencia, presentar la declaraci\u00f3n del IRPF y en su caso el modelo 720 de declaraci\u00f3n patrimonial.<\/p>\n<p>\n<\/div><\/div><\/div><\/div><\/div><\/section><section class=\"kc-elm kc-css-693949 kc_row\"><div class=\"kc-row-container  kc-container\"><div class=\"kc-wrap-columns\"><div class=\"kc-elm kc-css-772524 kc_col-sm-4 kc_column kc_col-sm-4\"><div class=\"kc-col-container\"><div class=\"kc-elm kc-css-199328 kc-animated kc-animate-eff-bounceInLeft kc-icon-wrapper\">\n\t\t<i class=\"et-document\"><\/i>\n\t<\/div>\n<div class=\"kc-elm kc-css-28907 kc-animated kc-animate-eff-bounceInLeft kc_text_block\"><\/p>\n<h3>Testamentos<\/h3>\n<hr \/>\n<p><span class=\"JLqJ4b ChMk0b\" data-language-for-alternatives=\"es\" data-language-to-translate-into=\"auto\" data-phrase-index=\"0\">Tener hecho un testamento en Espa\u00f1a har\u00e1 que su herencia espa\u00f1ola se pueda gestionar m\u00e1s f\u00e1cilmente tras de su muerte.<\/span> Descubra c\u00f3mo podemos ayudarle a realizar su testamento en Espa\u00f1a<span class=\"JLqJ4b ChMk0b\" data-language-for-alternatives=\"es\" data-language-to-translate-into=\"auto\" data-phrase-index=\"1\">.<\/span><\/p>\n<p>\n<\/div><\/div><\/div><div class=\"kc-elm kc-css-389674 kc_col-sm-4 kc_column kc_col-sm-4\"><div class=\"kc-col-container\"><div class=\"kc-elm kc-css-635230 kc-animated kc-animate-eff-bounceInDown kc-icon-wrapper\">\n\t\t<i class=\"fa-heartbeat\"><\/i>\n\t<\/div>\n<div class=\"kc-elm kc-css-733516 kc-animated kc-animate-eff-bounceInDown kc_text_block\"><\/p>\n<h3>Seguros<\/h3>\n<hr \/>\n<p>Trabajamos con varias compa\u00f1\u00edas aseguradoras. No se preocupe por su autom\u00f3vil, su hogar, ni tan siquiera por su salud. Nosotros nos encargamos de asesorarle y gestionarle sus seguros.<\/p>\n<p>\n<\/div><\/div><\/div><div class=\"kc-elm kc-css-171812 kc_col-sm-4 kc_column kc_col-sm-4\"><div class=\"kc-col-container\"><div class=\"kc-elm kc-css-643236 kc-animated kc-animate-eff-bounceInRight kc-icon-wrapper\">\n\t\t<i class=\"fab-black-tie\"><\/i>\n\t<\/div>\n<div class=\"kc-elm kc-css-895094 kc-animated kc-animate-eff-bounceInRight kc_text_block\"><\/p>\n<h3>Representaci\u00f3n fiscal<\/h3>\n<hr \/>\n<p>Los contribuyentes no residentes deber\u00e1n designar representante fiscal en los casos previstos en el art\u00edculo 10 de la Ley del Impuesto sobre la Renta de No Residentes (Real Decreto Ley 5\/2004).<\/p>\n<p>\n<\/div><\/div><\/div><\/div><\/div><\/section><section class=\"kc-elm kc-css-402295 kc_row\"><div class=\"kc-row-container\"><div class=\"kc-wrap-columns\"><div class=\"kc-elm kc-css-196616 kc_col-sm-12 kc_column kc_col-sm-12\"><div class=\"kc-col-container\"><!--Start consultations area-->\n<section class=\"consultations-area sec-padding\">\n    <div class=\"container\">\n        <div class=\"row\">\n            <div class=\"col-md-4 col-sm-6 col-xs-12\">   \n                <div class=\"contact-info\">\n                    <div class=\"sec-title\">\n                        <h2>Cont\u00e1ctenos<\/h2>\n                        <span class=\"border\"><\/span>\n                    <\/div>\n                    <div class=\"text\">\n                        <p>Si necesita m\u00e1s informaci\u00f3n puede contactarnos a trav\u00e9s del medio que usted prefiera<\/p>\n                    <\/div>\n                    <ul>\n                        <li><span class=\"fa fa-phone\"><\/span>Phone: +34 96 532 77 77<\/li>\n                        <li><span class=\"fa fa-envelope\"><\/span>info@www.interadvisors.es<\/li>\n                        <li><span class=\"fa fa-clock-o\"><\/span>De Lunes a Viernes \/ 9:00 \u2013 15:00<\/li>\n                    <\/ul>\n                <\/div>\n            <\/div>\n            <div class=\"col-md-8 col-sm-12 col-xs-12\">\n                <div class=\"request-form\">\n                    <div class=\"sec-title pdb-50\">\n                        <h1>Solicitar que me contacten<\/h1>\n                        <span class=\"border\"><\/span>\n                    <\/div>\n                    \n<div class=\"wpcf7 no-js\" id=\"wpcf7-f808-o1\" lang=\"es-ES\" dir=\"ltr\" data-wpcf7-id=\"808\">\n<div class=\"screen-reader-response\"><p role=\"status\" aria-live=\"polite\" aria-atomic=\"true\"><\/p> <ul><\/ul><\/div>\n<form action=\"\/es\/wp-json\/wp\/v2\/pages\/732#wpcf7-f808-o1\" method=\"post\" class=\"wpcf7-form init\" aria-label=\"Formulario de contacto\" novalidate=\"novalidate\" data-status=\"init\">\n<fieldset class=\"hidden-fields-container\"><input type=\"hidden\" name=\"_wpcf7\" value=\"808\" \/><input type=\"hidden\" name=\"_wpcf7_version\" value=\"6.1.5\" \/><input type=\"hidden\" name=\"_wpcf7_locale\" value=\"es_ES\" \/><input type=\"hidden\" name=\"_wpcf7_unit_tag\" value=\"wpcf7-f808-o1\" \/><input type=\"hidden\" name=\"_wpcf7_container_post\" value=\"0\" \/><input type=\"hidden\" name=\"_wpcf7_posted_data_hash\" value=\"\" \/><input type=\"hidden\" name=\"_wpcf7_recaptcha_response\" value=\"\" \/>\n<\/fieldset>\n<p><label> Introduzca su nombre (requerido)<br \/>\n<span class=\"wpcf7-form-control-wrap\" data-name=\"your-name\"><input size=\"40\" maxlength=\"400\" class=\"wpcf7-form-control wpcf7-text wpcf7-validates-as-required\" aria-required=\"true\" aria-invalid=\"false\" value=\"\" type=\"text\" name=\"your-name\" \/><\/span> <\/label>\n<\/p>\n<p><label> Introduzca su correo electr\u00f3nico (opcional)<br \/>\n<span class=\"wpcf7-form-control-wrap\" data-name=\"your-email\"><input size=\"40\" maxlength=\"400\" class=\"wpcf7-form-control wpcf7-email wpcf7-text wpcf7-validates-as-email\" aria-invalid=\"false\" value=\"\" type=\"email\" name=\"your-email\" \/><\/span> <\/label>\n<\/p>\n<p><label> Introduzca su tel\u00e9fono (obligatorio)<br \/>\n<span class=\"wpcf7-form-control-wrap\" data-name=\"your-phone\"><input size=\"40\" maxlength=\"400\" class=\"wpcf7-form-control wpcf7-tel wpcf7-validates-as-required wpcf7-text wpcf7-validates-as-tel\" aria-required=\"true\" aria-invalid=\"false\" value=\"\" type=\"tel\" name=\"your-phone\" \/><\/span> <\/label>\n<\/p>\n<p><span class=\"wpcf7-form-control-wrap\" data-name=\"acceptance-972\"><span class=\"wpcf7-form-control wpcf7-acceptance\"><span class=\"wpcf7-list-item\"><label><input type=\"checkbox\" name=\"acceptance-972\" value=\"1\" aria-invalid=\"false\" \/><span class=\"wpcf7-list-item-label\">Acepto el env\u00edo y tratamiento de mis datos conforme a la pol\u00edtica de privacidad de este sitio<\/span><\/label><\/span><\/span><\/span>\n<\/p>\n<p><input class=\"wpcf7-form-control wpcf7-submit has-spinner\" type=\"submit\" value=\"Enviar\" \/>\n<\/p><div class=\"wpcf7-response-output\" aria-hidden=\"true\"><\/div>\n<\/form>\n<\/div>\n                <\/div>\n            <\/div>\n        <\/div>\n    <\/div>\n<\/section>\n<!--End consultations area--><\/div><\/div><\/div><\/div><\/section><section data-kc-fullwidth=\"content\" class=\"kc-elm kc-css-804602 kc_row\"><div class=\"kc-row-container\"><div class=\"kc-wrap-columns\"><div class=\"kc-elm kc-css-433445 kc_col-sm-12 kc_column kc_col-sm-12\"><div class=\"kc-col-container\"><div class=\"kc-elm kc-css-39523 kc_google_maps kc_shortcode\"><div style=\"height: 500px\" class=\"kc-google-maps\"><iframe loading=\"lazy\" src=\"https:\/\/www.google.com\/maps\/embed?pb=!1m14!1m8!1m3!1d3146.7888576623136!2d-0.7235215!3d37.93536280784922!3m2!1i1024!2i768!4f13.1!3m3!1m2!1s0x0%3A0xbc6df92563d8b598!2sInter%20Advisors!5e0!3m2!1ses!2ses!4v1599140047275!5m2!1ses!2ses\" width=\"100%\" height=\"500\" frameborder=\"0\" style=\"border:0;\" allowfullscreen=\"\" aria-hidden=\"false\" tabindex=\"0\"><\/iframe><\/div><\/div><\/div><\/div><\/div><\/div><\/section><\/p>\n","protected":false},"excerpt":{"rendered":"","protected":false},"author":1,"featured_media":0,"parent":0,"menu_order":0,"comment_status":"closed","ping_status":"closed","template":"tpl-king_composer.php","meta":{"footnotes":""},"class_list":["post-732","page","type-page","status-publish","hentry"],"_links":{"self":[{"href":"https:\/\/www.interadvisors.es\/es\/wp-json\/wp\/v2\/pages\/732","targetHints":{"allow":["GET"]}}],"collection":[{"href":"https:\/\/www.interadvisors.es\/es\/wp-json\/wp\/v2\/pages"}],"about":[{"href":"https:\/\/www.interadvisors.es\/es\/wp-json\/wp\/v2\/types\/page"}],"author":[{"embeddable":true,"href":"https:\/\/www.interadvisors.es\/es\/wp-json\/wp\/v2\/users\/1"}],"replies":[{"embeddable":true,"href":"https:\/\/www.interadvisors.es\/es\/wp-json\/wp\/v2\/comments?post=732"}],"version-history":[{"count":8,"href":"https:\/\/www.interadvisors.es\/es\/wp-json\/wp\/v2\/pages\/732\/revisions"}],"predecessor-version":[{"id":848,"href":"https:\/\/www.interadvisors.es\/es\/wp-json\/wp\/v2\/pages\/732\/revisions\/848"}],"wp:attachment":[{"href":"https:\/\/www.interadvisors.es\/es\/wp-json\/wp\/v2\/media?parent=732"}],"curies":[{"name":"wp","href":"https:\/\/api.w.org\/{rel}","templated":true}]}}