{"id":728,"date":"2020-09-04T13:33:50","date_gmt":"2020-09-04T13:33:50","guid":{"rendered":"https:\/\/www.interadvisors.es\/services\/"},"modified":"2021-01-20T15:08:06","modified_gmt":"2021-01-20T15:08:06","slug":"services","status":"publish","type":"page","link":"https:\/\/www.interadvisors.es\/es\/services\/","title":{"rendered":"Servicios"},"content":{"rendered":"<p><section class=\"kc-elm kc-css-513462 kc_row\"><div class=\"kc-row-container  kc-container\"><div class=\"kc-wrap-columns\"><div class=\"kc-elm kc-css-462520 kc_col-sm-6 kc_column kc_col-sm-6\"><div class=\"kc-col-container\"><div class=\"kc-elm kc-css-831070 kc-animated kc-animate-eff-bounceInLeft kc_text_block\"><\/p>\n<h2 style=\"box-sizing: inherit; margin: 0px 0px 1.78571em;\">COMPRAR UNA VIVIENDA EN ESPA\u00d1A<\/h2>\n<p>Comprar una propiedad en Espa\u00f1a puede ser su sue\u00f1o, ya que puede ser tanto una buena inversi\u00f3n como una forma de sentirse como en casa siempre que venga a Espa\u00f1a. Pero hay que ser consciente de que el ordenamiento jur\u00eddico espa\u00f1ol puede ser diferente al de tu pa\u00eds de origen, y para evitar malentendidos, decepciones y posibles fraudes, es fundamental buscar el asesoramiento de expertos desde el principio.<\/p>\n<p>Estaremos contigo en cada paso para apoyarte tanto en asuntos legales como para resolver todas tus dudas sobre el proceso de compra y la vida en Espa\u00f1a. Porque comprar una propiedad es un gran paso a dar y tiene que tener un final feliz.<\/p>\n<p>EN QU\u00c9 TE AYUDAMOS,<\/p>\n<p><em>&#8211; Abrir una cuenta bancaria<\/em><\/p>\n<p><em>&#8211; Poder legal<\/em><\/p>\n<p><em>&#8211; Contrato de compraventa entre vendedores y compradores<\/em><\/p>\n<p><em>&#8211; Controles legales<\/em><\/p>\n<p><em>&#8211; Numero de NIE<\/em><\/p>\n<p><em>&#8211; Firmar la compraventa ante Notario P\u00fablico y asegurarse de que est\u00e9 registrado<\/em><\/p>\n<p><em>&#8211; Establecer contratos de agua y luz.<\/em><\/p>\n<p><em>&#8211; Transferir otros contratos de servicios (asociaci\u00f3n de propietarios, impuesto municipal, etc.)<\/em><\/p>\n<p><em>&#8211; Establecer domiciliaci\u00f3n bancaria<\/em><\/p>\n<p><em>&#8211; Establecer un seguro<\/em><\/p>\n<p><em>&#8211; Pagar impuestos y tasas que tengan que ver con la compra.<\/em><\/p>\n<p>\n<\/div><\/div><\/div><div class=\"kc-elm kc-css-821502 kc_col-sm-6 kc_column kc_col-sm-6\"><div class=\"kc-col-container\"><div class=\"kc-elm kc-css-845954 kc-animated kc-animate-eff-bounceInRight kc_shortcode kc_single_image\">\n\n        <img decoding=\"async\" src=\"https:\/\/www.interadvisors.es\/wp-content\/uploads\/2021\/01\/house.jpg\" class=\"\" alt=\"\" \/>    <\/div>\n<\/div><\/div><\/div><\/div><\/section><section class=\"kc-elm kc-css-924246 kc_row\"><div class=\"kc-row-container  kc-container\"><div class=\"kc-wrap-columns\"><div class=\"kc-elm kc-css-534292 kc_col-sm-6 kc_column kc_col-sm-6\"><div class=\"kc-col-container\"><div class=\"kc-elm kc-css-307684 kc-animated kc-animate-eff-bounceInLeft kc_shortcode kc_single_image\">\n\n        <img decoding=\"async\" src=\"https:\/\/www.interadvisors.es\/wp-content\/uploads\/2020\/09\/fiscal-representation.jpg\" class=\"\" alt=\"\" \/>    <\/div>\n<\/div><\/div><div class=\"kc-elm kc-css-31546 kc_col-sm-6 kc_column kc_col-sm-6\"><div class=\"kc-col-container\"><div class=\"kc-elm kc-css-49370 kc-animated kc-animate-eff-bounceInRight kc_text_block\"><\/p>\n<h2>ASERSORAMIENTO FISCAL<\/h2>\n<p>Como especialistas en cuestiones fiscales brindamos un excelente servicio de asesoramiento fiscal a personas f\u00edsicas, tanto Residentes como No Residentes y a empresas. Nuestro equipo multiling\u00fce est\u00e1 perfectamente cualificado para comunicarse con el cliente en su propio idioma. Conf\u00ede en nosotros, nos ocuparemos de elaborar y presentar en su nombre los principales modelos de declaraciones exigibles por la Agencia Tributaria nacional:<\/p>\n<p>&#8211; Impuestos de residentes y de no residentes.<\/p>\n<p>&#8211; Impuestos de sucesiones y donaciones (herencias).<\/p>\n<p>&#8211; I.R.P.F. (Impuesto de la Renta de las Personas F\u00edsicas) trimestral y anual.<\/p>\n<p>&#8211; Presentaciones trimestrales y anuales de I.V.A.<\/p>\n<p>&#8211; Impuesto de Sociedades (incluido declaraciones de pagos fraccionados).<\/p>\n<p>&#8211; Declaraci\u00f3n Anual de Operaciones con Terceras Personas.<\/p>\n<p>Nuestro Departamento Tributario pretende garantizar un servicio y asesoramiento fiscal permanente y personalizado, atendiendo siempre a las necesidades fiscales de nuestros clientes.<\/p>\n<p>\n<\/div><\/div><\/div><\/div><\/div><\/section><section class=\"kc-elm kc-css-249318 kc_row\"><div class=\"kc-row-container  kc-container\"><div class=\"kc-wrap-columns\"><div class=\"kc-elm kc-css-139014 kc_col-sm-6 kc_column kc_col-sm-6\"><div class=\"kc-col-container\"><div class=\"kc-elm kc-css-402283 kc-animated kc-animate-eff-bounceInLeft kc_text_block\"><\/p>\n<h2 style=\"box-sizing: inherit; margin: 0px 0px 1.78571em;\">TRANSFERENCIAS<\/h2>\n<div id=\"primary\" class=\"content-area\">\n<article id=\"post-93\" class=\"post-93 page type-page status-publish hentry\">\n<div class=\"entry-content\">\n<p>Te simplificamos las transferencias de dinero al exterior. Te ponemos en contacto con las empresas de cambio de moneda. Las empresas con las que trabajamos no te cobran ninguna comisi\u00f3n, por lo que puedes tener un importante ahorro realizando las transferencias. Solo trabajamos con empresas serias que tienen mucha experiencia y pueden ayudarlo a obtener el mejor negocio.<\/p>\n<p>Transferencias r\u00e1pidas sin comisiones.<\/p>\n<p>100% seguro.<\/p>\n<\/div>\n<footer class=\"entry-footer\"><\/footer>\n<\/article>\n<\/div>\n<p>\n<\/div><\/div><\/div><div class=\"kc-elm kc-css-749413 kc_col-sm-6 kc_column kc_col-sm-6\"><div class=\"kc-col-container\"><div class=\"kc-elm kc-css-937303 kc-animated kc-animate-eff-bounceInRight kc_shortcode kc_single_image\">\n\n        <img decoding=\"async\" src=\"https:\/\/www.interadvisors.es\/wp-content\/uploads\/2020\/09\/money-transfer.jpg\" class=\"\" alt=\"\" \/>    <\/div>\n<\/div><\/div><\/div><\/div><\/section><section class=\"kc-elm kc-css-598440 kc_row\"><div class=\"kc-row-container  kc-container\"><div class=\"kc-wrap-columns\"><div class=\"kc-elm kc-css-211729 kc_col-sm-6 kc_column kc_col-sm-6\"><div class=\"kc-col-container\"><div class=\"kc-elm kc-css-945645 kc-animated kc-animate-eff-bounceInLeft kc_shortcode kc_single_image\">\n\n        <img decoding=\"async\" src=\"https:\/\/www.interadvisors.es\/wp-content\/uploads\/2020\/09\/seguros.jpg\" class=\"\" alt=\"\" \/>    <\/div>\n<\/div><\/div><div class=\"kc-elm kc-css-588857 kc_col-sm-6 kc_column kc_col-sm-6\"><div class=\"kc-col-container\"><div class=\"kc-elm kc-css-541676 kc-animated kc-animate-eff-bounceInRight kc_text_block\"><\/p>\n<h2>SEGUROS<\/h2>\n<p>ES IMPORTANTE QUE SU PROPIEDAD SEA ASEGURADA, PODEMOS AYUDARLE A OBTENER LAS MEJORES OFERTAS Y PONERSE EN CONTACTO CON LAS EMPRESAS. SI EST\u00c1 VENDIENDO SU PROPIEDAD, TAMBI\u00c9N PODEMOS AYUDARLE A CANCELAR EL SEGURO DE SU HOGAR.<\/p>\n<p>TAMBI\u00c9N PODEMOS AYUDARLE A OBTENER UNA OFERTA EN RELACI\u00d3N CON SEGUROS DE VIDA, SEGUROS DE COCHE Y SEGUROS DE SALUD.<\/p>\n<p>PARA CONSULTAS, NO DUDES EN CONTACTAR CON NOSOTROS.<\/p>\n<p>\n<\/div><\/div><\/div><\/div><\/div><\/section><section class=\"kc-elm kc-css-95215 kc_row\"><div class=\"kc-row-container  kc-container\"><div class=\"kc-wrap-columns\"><div class=\"kc-elm kc-css-303015 kc_col-sm-6 kc_column kc_col-sm-6\"><div class=\"kc-col-container\"><div class=\"kc-elm kc-css-759235 kc-animated kc-animate-eff-bounceInLeft kc_text_block\"><\/p>\n<h2>PODER NOTARIAL<\/h2>\n<p>Firmar un poder notarial. Este es un documento que lo hace posible que lo representemos ante el notario al finalizar la compra o venta de su propiedad si no desea estar presente en persona para firmar. Este documento tambi\u00e9n nos da derecho a negociar, financiar con pr\u00e9stamos y hacer lo que sea necesario con el banco para el pago final de su compra o venta. Tambi\u00e9n nos da derecho a pagar impuestos, hacer los cambios necesarios en contactos como electricidad, agua, impuestos, asociaci\u00f3n inmobiliaria, etc.\u00a0 Para la firma de este poder notarial, lo llevaremos al notario donde lo recibir\u00e1 el poder traducido oralmente a su idioma materno por nuestro int\u00e9rprete antes de que se firma en presencia del notario.<\/p>\n<p>\n<\/div><\/div><\/div><div class=\"kc-elm kc-css-248351 kc_col-sm-6 kc_column kc_col-sm-6\"><div class=\"kc-col-container\"><div class=\"kc-elm kc-css-15084 kc-animated kc-animate-eff-bounceInRight kc_shortcode kc_single_image\">\n\n        <img decoding=\"async\" src=\"https:\/\/www.interadvisors.es\/wp-content\/uploads\/2020\/09\/poa.jpg\" class=\"\" alt=\"\" \/>    <\/div>\n<\/div><\/div><\/div><\/div><\/section><section class=\"kc-elm kc-css-86176 kc_row\"><div class=\"kc-row-container  kc-container\"><div class=\"kc-wrap-columns\"><div class=\"kc-elm kc-css-830444 kc_col-sm-6 kc_column kc_col-sm-6\"><div class=\"kc-col-container\"><div class=\"kc-elm kc-css-68267 kc-animated kc-animate-eff-bounceInLeft kc_shortcode kc_single_image\">\n\n        <img decoding=\"async\" src=\"https:\/\/www.interadvisors.es\/wp-content\/uploads\/2020\/09\/nie.jpg\" class=\"\" alt=\"\" \/>    <\/div>\n<\/div><\/div><div class=\"kc-elm kc-css-196042 kc_col-sm-6 kc_column kc_col-sm-6\"><div class=\"kc-col-container\"><div class=\"kc-elm kc-css-894996 kc-animated kc-animate-eff-bounceInRight kc_text_block\"><\/p>\n<h2>NIE<\/h2>\n<p>El n\u00famero NIE es el n\u00famero de identificaci\u00f3n fiscal de Espa\u00f1a.<\/p>\n<p>Necesitar\u00e1 un n\u00famero NIE para cualquier proceso oficial o legal \u00a0en Espa\u00f1a.<\/p>\n<p>Por ejemplo, comprar una propiedad en Espa\u00f1a, heredar en Espa\u00f1a, solicitar hipoteca, o cualquier otro tramite oficial o legal.<\/p>\n<p>\n<\/div><\/div><\/div><\/div><\/div><\/section><section class=\"kc-elm kc-css-182476 kc_row\"><div class=\"kc-row-container  kc-container\"><div class=\"kc-wrap-columns\"><div class=\"kc-elm kc-css-129348 kc_col-sm-6 kc_column kc_col-sm-6\"><div class=\"kc-col-container\"><div class=\"kc-elm kc-css-552185 kc-animated kc-animate-eff-bounceInLeft kc_text_block\"><\/p>\n<h2 style=\"box-sizing: inherit; margin: 0px 0px 1.78571em;\">HERENCIAS Y TESTAMENTOS<\/h2>\n<div id=\"primary\" class=\"content-area\">\n<article id=\"post-89\" class=\"post-89 page type-page status-publish hentry\">\n<div class=\"entry-content\">\n<p>Larga experiencia nos avala como profesionales del Derecho Hereditario enfocado al sector inmobiliario. En Inter Advisors contamos con amplios conocimientos en asesoramiento jur\u00eddico personalizado relacionado con los bienes inmuebles: redacci\u00f3n de testamentos, reclamaciones judiciales de herencias y legados, as\u00ed como adjudicaciones de bienes de herencias.<\/p>\n<p>Ofrecemos asesoramiento espec\u00edfico para la realizaci\u00f3n de testamentos, atendiendo siempre a las circunstancias personales de nuestros clientes. Esto, junto con nuestra amplia experiencia con clientes internacionales nos permite asesorarle en funci\u00f3n de su nacionalidad sobre el contenido de su testamento, a fin de contemplar el reparto correcto de todo su patrimonio (en materia de herencia).<br \/>Nuestros profesionales le aconsejar\u00e1n sobre cualquier caso en materia sucesoria orientados al sector inmobiliario con resultados altamente satisfactorios.<\/p>\n<\/div>\n<\/article>\n<\/div>\n<p>\n<\/div><\/div><\/div><div class=\"kc-elm kc-css-356836 kc_col-sm-6 kc_column kc_col-sm-6\"><div class=\"kc-col-container\"><div class=\"kc-elm kc-css-403705 kc-animated kc-animate-eff-bounceInRight kc_shortcode kc_single_image\">\n\n        <img decoding=\"async\" src=\"https:\/\/www.interadvisors.es\/wp-content\/uploads\/2021\/01\/testamento.jpg\" class=\"\" alt=\"\" \/>    <\/div>\n<\/div><\/div><\/div><\/div><\/section><section class=\"kc-elm kc-css-168502 kc_row\"><div class=\"kc-row-container  kc-container\"><div class=\"kc-wrap-columns\"><div class=\"kc-elm kc-css-117383 kc_col-sm-6 kc_column kc_col-sm-6\"><div class=\"kc-col-container\"><div class=\"kc-elm kc-css-808394 kc-animated kc-animate-eff-bounceInLeft kc_shortcode kc_single_image\">\n\n        <img decoding=\"async\" src=\"https:\/\/www.interadvisors.es\/wp-content\/uploads\/2020\/09\/residencies.jpg\" class=\"\" alt=\"\" \/>    <\/div>\n<\/div><\/div><div class=\"kc-elm kc-css-361691 kc_col-sm-6 kc_column kc_col-sm-6\"><div class=\"kc-col-container\"><div class=\"kc-elm kc-css-102568 kc-animated kc-animate-eff-bounceInRight kc_text_block\"><\/p>\n<h2>RESIDENCIA<\/h2>\n<div id=\"primary\" class=\"content-area\">\n<article id=\"post-75\" class=\"post-75 page type-page status-publish hentry\">\n<div class=\"entry-content\">\n<p>Si permanece en Espa\u00f1a m\u00e1s de 6 meses (183 d\u00edas) por a\u00f1o natural, se considera que, seg\u00fan las normas com\u00fan de la UE, est\u00e1 domiciliado en Espa\u00f1a porque entonces vive la mayor parte del a\u00f1o en Espa\u00f1a. Entonces te conviertes en \u00abresidente\u00bb en Espa\u00f1a y normalmente te conviertes en contribuyente ilimitado en Espa\u00f1a, lo que significa que debes declarar todos tus ingresos (incluidas las rentas del capital) en Espa\u00f1a. Para permanecer m\u00e1s de 6 meses, debes tener ingresos de un empleador, una pensi\u00f3n, tu propia empresa en Espa\u00f1a, estudiar en un colegio p\u00fablico o privado en Espa\u00f1a o tener recursos suficientes para mantenerte a ti y a tu familia. Alternativamente, debe ser miembro de la familia de una persona que cumpla con uno de estos requisitos.<\/p>\n<p>Nosotros podemos ayudarte<\/p>\n<\/div>\n<footer class=\"entry-footer\"><\/footer>\n<\/article>\n<\/div>\n<p>\n<\/div><\/div><\/div><\/div><\/div><\/section><section class=\"kc-elm kc-css-885438 kc_row\"><div class=\"kc-row-container  kc-container\"><div class=\"kc-wrap-columns\"><div class=\"kc-elm kc-css-496291 kc_col-sm-6 kc_column kc_col-sm-6\"><div class=\"kc-col-container\"><div class=\"kc-elm kc-css-968938 kc-animated kc-animate-eff-bounceInRight kc_text_block\"><\/p>\n<h2>VENTA<\/h2>\n<div id=\"primary\" class=\"content-area\">\n<article id=\"post-75\" class=\"post-75 page type-page status-publish hentry\">\n<div class=\"entry-content\">\n<p>Elaboraci\u00f3n de un poder notarial que podamos representarle. Este poder se puede firmar en su pias. Realizamos un borrador y te informamos c\u00f3mo proceder y a d\u00f3nde acudir. Este poder tambi\u00e9n puede obtenerse de un notario en Espa\u00f1a. Ayudamos con esto. Control con las autoridades sobre la situaci\u00f3n actual del hogar. Asesoramiento fiscal sobre la venta de la propiedad, posible pago de impuestos y solicitud de devoluci\u00f3n. Representarse ante Notario al traspasar la vivienda al nuevo propietario. Transfiera el pago de la vivienda a usted. Cancele todas las domiciliaciones que hayan pasado por su cuenta bancaria. Cierre su cuenta bancaria en Espa\u00f1a si as\u00ed lo desea. Para m\u00e1s informaci\u00f3n, por favor ponerse en contacto con nosotras.<\/p>\n<\/div>\n<footer class=\"entry-footer\"><\/footer>\n<\/article>\n<\/div>\n<p>\n<\/div><\/div><\/div><div class=\"kc-elm kc-css-681339 kc_col-sm-6 kc_column kc_col-sm-6\"><div class=\"kc-col-container\"><div class=\"kc-elm kc-css-142596 kc-animated kc-animate-eff-bounceInLeft kc_shortcode kc_single_image\">\n\n        <img decoding=\"async\" src=\"https:\/\/www.interadvisors.es\/wp-content\/uploads\/2021\/01\/sale.jpg\" class=\"\" alt=\"\" \/>    <\/div>\n<\/div><\/div><\/div><\/div><\/section><\/p>\n","protected":false},"excerpt":{"rendered":"","protected":false},"author":1,"featured_media":0,"parent":0,"menu_order":0,"comment_status":"closed","ping_status":"closed","template":"","meta":{"footnotes":""},"class_list":["post-728","page","type-page","status-publish","hentry"],"_links":{"self":[{"href":"https:\/\/www.interadvisors.es\/es\/wp-json\/wp\/v2\/pages\/728","targetHints":{"allow":["GET"]}}],"collection":[{"href":"https:\/\/www.interadvisors.es\/es\/wp-json\/wp\/v2\/pages"}],"about":[{"href":"https:\/\/www.interadvisors.es\/es\/wp-json\/wp\/v2\/types\/page"}],"author":[{"embeddable":true,"href":"https:\/\/www.interadvisors.es\/es\/wp-json\/wp\/v2\/users\/1"}],"replies":[{"embeddable":true,"href":"https:\/\/www.interadvisors.es\/es\/wp-json\/wp\/v2\/comments?post=728"}],"version-history":[{"count":9,"href":"https:\/\/www.interadvisors.es\/es\/wp-json\/wp\/v2\/pages\/728\/revisions"}],"predecessor-version":[{"id":784,"href":"https:\/\/www.interadvisors.es\/es\/wp-json\/wp\/v2\/pages\/728\/revisions\/784"}],"wp:attachment":[{"href":"https:\/\/www.interadvisors.es\/es\/wp-json\/wp\/v2\/media?parent=728"}],"curies":[{"name":"wp","href":"https:\/\/api.w.org\/{rel}","templated":true}]}}