{"id":718,"date":"2020-09-01T16:57:19","date_gmt":"2020-09-01T16:57:19","guid":{"rendered":"https:\/\/www.interadvisors.es\/privacy\/"},"modified":"2021-01-20T12:57:12","modified_gmt":"2021-01-20T12:57:12","slug":"privacidad","status":"publish","type":"page","link":"https:\/\/www.interadvisors.es\/es\/privacidad\/","title":{"rendered":"Privacidad"},"content":{"rendered":"<section class=\"kc-elm kc-css-844588 kc_row\"><div class=\"kc-row-container  kc-container\"><div class=\"kc-wrap-columns\"><div class=\"kc-elm kc-css-801622 kc_col-sm-12 kc_column kc_col-sm-12\"><div class=\"kc-col-container\"><div class=\"kc-elm kc_text_block\"><\/p>\n<h3>Protecci\u00f3n de datos personales seg\u00fan la LOPD<\/h3>\n<p>Interadvisores, en aplicaci\u00f3n de la normativa vigente en materia de protecci\u00f3n de datos personales, informa que los datos personales que se recaban a trav\u00e9s de los formularios del Sitio Web:<\/p>\n<p>Interadvisores, se incluyen en los archivos automatizados espec\u00edficos de los usuarios de los servicios de Interadvisors<\/p>\n<p>La finalidad de la recogida y tratamiento automatizado de los datos personales es mantener la relaci\u00f3n comercial y realizar informaci\u00f3n, formaci\u00f3n, asesoramiento y otras actividades de Interadvisores.<\/p>\n<p>Estos datos solo ser\u00e1n cedidos a aquellas entidades que sean necesarias a la \u00fanica finalidad de cumplir con la finalidad antes mencionada.\u00a0Interadvisores adopta las medidas necesarias para garantizar la seguridad, integridad y confidencialidad de los datos de acuerdo con lo dispuesto en el Reglamento (UE) 2016\/679 del Parlamento Europeo y del Consejo, de 27 de abril de 2016, relativo a la protecci\u00f3n de las personas con en cuanto al tratamiento de datos personales y la libre circulaci\u00f3n de los mismos.<\/p>\n<p>El usuario podr\u00e1 en cualquier momento ejercitar los derechos de acceso, oposici\u00f3n, rectificaci\u00f3n y cancelaci\u00f3n reconocidos en el citado Reglamento (UE).\u00a0El ejercicio de estos derechos puede realizarlo el propio usuario a trav\u00e9s del correo electr\u00f3nico a: info@interadvisors.com o en la direcci\u00f3n: Av. de las Olas, 2, Res. Cala Dorada B E2, Local 1, 03185 Torrevieja, Alicante<\/p>\n<p>El usuario declara que todos los datos facilitados por \u00e9l son verdaderos y correctos, y se compromete a mantenerlos actualizados, comunicando los cambios a Interadvisores<\/p>\n<h3>Finalidad del tratamiento de datos personales:<\/h3>\n<h4>\u00bfCon qu\u00e9 finalidad trataremos sus datos personales?<\/h4>\n<p>En Interadvisores trataremos sus datos personales recabados a trav\u00e9s del Sitio Web: Interadvisores, con las siguientes finalidades:<\/p>\n<p>En el caso de contrataci\u00f3n de los bienes y servicios ofertados a trav\u00e9s, para mantener la relaci\u00f3n contractual, as\u00ed como la gesti\u00f3n, administraci\u00f3n, informaci\u00f3n, prestaci\u00f3n y mejora del servicio.<\/p>\n<ol>\n<li>Env\u00edo de informaci\u00f3n solicitada a trav\u00e9s de los formularios facilitados en Interadvisors<\/li>\n<li>Enviar boletines (newsletters), as\u00ed como comunicaciones comerciales de promociones y \/ o publicidad de Interadvisores y del sector.<\/li>\n<li>Te recordamos que puedes oponerte al env\u00edo de comunicaciones comerciales por cualquier medio y en cualquier momento, enviando un correo electr\u00f3nico a la direcci\u00f3n arriba indicada.<\/li>\n<\/ol>\n<p>Los campos de estos registros son obligatorios, y es imposible llevar a cabo las finalidades indicadas si no se facilitan estos datos.<\/p>\n<h4>\u00bfDurante cu\u00e1nto tiempo se conservan los datos personales recopilados?<\/h4>\n<p>Los datos personales proporcionados se conservar\u00e1n mientras se mantenga la relaci\u00f3n comercial o no solicite su supresi\u00f3n y durante el plazo por el que puedan derivarse responsabilidades legales por los servicios prestados.<\/p>\n<h4>Legitimaci\u00f3n<\/h4>\n<ol>\n<li>El tratamiento de sus datos se realiza con las siguientes bases legales que lo legitiman:<\/li>\n<li>La solicitud de informaci\u00f3n y \/ o la contrataci\u00f3n de los servicios de, cuyos t\u00e9rminos y condiciones se pondr\u00e1n a su disposici\u00f3n en todo caso, antes de una posible contrataci\u00f3n.\u00a0Consentimiento libre, espec\u00edfico, informado e inequ\u00edvoco, mientras te informamos poniendo a tu disposici\u00f3n esta pol\u00edtica de privacidad, que tras leerla, si est\u00e1s de acuerdo, podr\u00e1s aceptar mediante una declaraci\u00f3n o una clara acci\u00f3n afirmativa, como el marcado de un caja dispuesta a tal efecto.\u00a0En el caso de que no nos facilites tus datos o lo hagas de forma err\u00f3nea o incompleta, no podremos atender tu solicitud, imposibilitando por completo facilitarte la informaci\u00f3n solicitada o llevar a cabo la contrataci\u00f3n de servicios.<\/li>\n<\/ol>\n<h4>Datos recopilados por los usuarios de los servicios<\/h4>\n<p>En los casos en que el usuario incluya archivos con datos personales en los servidores de alojamiento compartido, Interadvisors no se hace responsable del incumplimiento por parte del usuario del RGPD.<\/p>\n<h3>Interadvisores de derechos de propiedad intelectual<\/h3>\n<p>Interadvisors es titular de todos los derechos de autor, propiedad intelectual e industrial, \u201cknow how\u201d y cuantos otros derechos se relacionan con los contenidos del sitio web y los servicios que en \u00e9l se ofrecen, as\u00ed como de los programas necesarios para su implementaci\u00f3n y la informaci\u00f3n relacionada.<\/p>\n<p>No se permite la reproducci\u00f3n, publicaci\u00f3n y \/ o uso no estrictamente privado de los contenidos, total o parcial, del sitio web de Interadvisors sin el consentimiento previo por escrito.<\/p>\n<h3>Propiedad intelectual del software<\/h3>\n<p>El usuario debe respetar los programas de terceros que se le ponen a su disposici\u00f3n, aunque sean gratuitos y \/ o est\u00e9n disponibles p\u00fablicamente.\u00a0Dispone de los derechos de propiedad intelectual y explotaci\u00f3n necesarios del software.<\/p>\n<p>El usuario no adquiere ning\u00fan derecho o licencia sobre el servicio contratado, sobre el software necesario para la prestaci\u00f3n del servicio, ni sobre la informaci\u00f3n t\u00e9cnica para el seguimiento del servicio, salvo los derechos y licencias necesarios para el cumplimiento de los servicios contratados y solo por la duraci\u00f3n del mismo.<\/p>\n<p>Para cualquier actuaci\u00f3n que supere el cumplimiento del contrato, el usuario necesitar\u00e1 autorizaci\u00f3n escrita de los Interadvisores, quedando prohibido el acceso, modificaci\u00f3n, visualizaci\u00f3n de la configuraci\u00f3n, estructura y archivos de los servidores propiedad de los Interadvisores, asumiendo la responsabilidad civil y penal derivada. de cualquier incidente que pueda ocurrir en los servidores y sistemas de seguridad como consecuencia directa de una actuaci\u00f3n negligente o malintencionada de su parte.<\/p>\n<h3>Propiedad intelectual del contenido alojado<\/h3>\n<p>El uso contrario a la legislaci\u00f3n en materia de propiedad intelectual de los servicios prestados por Interadvisores y, en particular, de:<\/p>\n<ul>\n<li>El uso que sea contrario a las leyes espa\u00f1olas o que infrinja los derechos de terceros.<\/li>\n<li>La publicaci\u00f3n o transmisi\u00f3n de cualquier contenido que, a su juicio, resulte violento, obsceno, abusivo, ilegal, racial, xen\u00f3fobo o difamatorio.<\/li>\n<li>Los cracks, n\u00fameros de serie de programas o cualquier otro contenido que viole los derechos de propiedad intelectual de terceros.<\/li>\n<li>La recogida y \/ o uso de datos personales de otros usuarios sin su consentimiento expreso o en contravenci\u00f3n de lo dispuesto en el Reglamento (UE) 2016\/679 del Parlamento Europeo y del Consejo, de 27 de abril de 2016, relativo a la protecci\u00f3n de las personas en lo que respecta al tratamiento de datos personales y la libre circulaci\u00f3n de los mismos.<\/li>\n<li>El uso del servidor de correo del dominio y las direcciones de correo electr\u00f3nico para enviar spam.<\/li>\n<\/ul>\n<p>El usuario es plenamente responsable del contenido de su sitio web, la informaci\u00f3n transmitida y almacenada, los enlaces de hipertexto, las reclamaciones de terceros y las acciones legales en materia de propiedad intelectual, derechos de terceros y protecci\u00f3n de menores.<\/p>\n<p>El usuario es responsable de las leyes y reglamentos vigentes y las normas que tengan que ver con el funcionamiento del servicio online, comercio electr\u00f3nico, derechos de autor, mantenimiento del orden p\u00fablico, as\u00ed como los principios universales de uso de Internet.<\/p>\n<p>El usuario compensar\u00e1 los gastos generados por la imputaci\u00f3n de<\/p>\n<p>Interevisores en cualquier causa cuya responsabilidad sea imputable al usuario, incluidos los honorarios y gastos de defensa legal, incluso en el caso de decisi\u00f3n judicial no firme.<\/p>\n<h3>Protecci\u00f3n de la informaci\u00f3n alojada<\/h3>\n<p>Interadvisors realiza copias de seguridad del contenido alojado en sus servidores, sin embargo no se hace responsable de la p\u00e9rdida o borrado accidental de datos por parte de los usuarios.\u00a0De la misma forma, no garantiza la reposici\u00f3n total de los datos borrados por los usuarios, ya que dichos datos podr\u00edan haber sido borrados y \/ o modificados durante el per\u00edodo de tiempo transcurrido desde la \u00faltima copia de seguridad.<\/p>\n<h3>Comunicaciones comerciales<\/h3>\n<p>En aplicaci\u00f3n de la LSSI.\u00a0Los interadvisores no enviar\u00e1n comunicaciones publicitarias o promocionales por correo electr\u00f3nico u otro medio de comunicaci\u00f3n electr\u00f3nico equivalente que no hayan sido previamente solicitadas o expresamente autorizadas por los destinatarios de las mismas.<\/p>\n<p>En el caso de usuarios con los que exista una relaci\u00f3n contractual previa, Interadvisors est\u00e1 autorizado a enviar comunicaciones comerciales sobre productos o servicios similares a los que inicialmente fueron contratados con el cliente.\u00a0En todo caso, el usuario, previa acreditaci\u00f3n de su identidad, podr\u00e1 solicitar que no se le env\u00ede m\u00e1s informaci\u00f3n comercial a trav\u00e9s de los canales de Atenci\u00f3n al Cliente.<\/p>\n<p>\n<\/div><\/div><\/div><\/div><\/div><\/section>\n","protected":false},"excerpt":{"rendered":"","protected":false},"author":1,"featured_media":0,"parent":0,"menu_order":0,"comment_status":"closed","ping_status":"closed","template":"","meta":{"footnotes":""},"class_list":["post-718","page","type-page","status-publish","hentry"],"_links":{"self":[{"href":"https:\/\/www.interadvisors.es\/es\/wp-json\/wp\/v2\/pages\/718","targetHints":{"allow":["GET"]}}],"collection":[{"href":"https:\/\/www.interadvisors.es\/es\/wp-json\/wp\/v2\/pages"}],"about":[{"href":"https:\/\/www.interadvisors.es\/es\/wp-json\/wp\/v2\/types\/page"}],"author":[{"embeddable":true,"href":"https:\/\/www.interadvisors.es\/es\/wp-json\/wp\/v2\/users\/1"}],"replies":[{"embeddable":true,"href":"https:\/\/www.interadvisors.es\/es\/wp-json\/wp\/v2\/comments?post=718"}],"version-history":[{"count":2,"href":"https:\/\/www.interadvisors.es\/es\/wp-json\/wp\/v2\/pages\/718\/revisions"}],"predecessor-version":[{"id":761,"href":"https:\/\/www.interadvisors.es\/es\/wp-json\/wp\/v2\/pages\/718\/revisions\/761"}],"wp:attachment":[{"href":"https:\/\/www.interadvisors.es\/es\/wp-json\/wp\/v2\/media?parent=718"}],"curies":[{"name":"wp","href":"https:\/\/api.w.org\/{rel}","templated":true}]}}