{"id":706,"date":"2020-09-12T11:26:32","date_gmt":"2020-09-12T11:26:32","guid":{"rendered":"https:\/\/www.interadvisors.es\/about\/"},"modified":"2021-02-15T11:16:32","modified_gmt":"2021-02-15T11:16:32","slug":"acerca-de","status":"publish","type":"page","link":"https:\/\/www.interadvisors.es\/es\/acerca-de\/","title":{"rendered":"\u00bfQui\u00e9nes somos?"},"content":{"rendered":"<section class=\"kc-elm kc-css-436670 kc_row\"><div class=\"kc-row-container  kc-container\"><div class=\"kc-wrap-columns\"><div class=\"kc-elm kc-css-51959 kc_col-sm-12 kc_column kc_col-sm-12\"><div class=\"kc-col-container\"><div class=\"kc-elm kc-css-334127 kc-animated kc-animate-eff-bounceInLeft kc_text_block\"><\/p>\n<h2><b>Sobre nosotros<\/b><\/h2>\n<p>INTER ADVISORS, lleva 15 a\u00f1os asesorando a clientes en la Costa Blanca. Nuestra oficina se especializa en asesor\u00eda legal y fiscalidad inmobiliaria. Ofrecemos servicios integrales en las \u00e1reas del derecho que te afectan como propietario de una vivienda en Espa\u00f1a.<\/p>\n<p>A diferencia de las grandes agencias, nos ocupamos del cliente de principio a fin, sin excepci\u00f3n. Trabajamos en base a tus intereses y creamos colaboraciones duraderas basadas en la confianza absoluta. Y con franqueza y asesoramiento profesional, tambi\u00e9n demostramos que hay una forma diferente y mejor de hacer las cosas.<\/p>\n<p>Pero es nuestro trabajo el que deber\u00eda hablar por s\u00ed mismo. Estaremos a su disposici\u00f3n cuando nos necesite.<\/p>\n<p>\n<\/div><div class=\"kc-elm kc-css-102883\">\n\t<div class=\"kc-carousel_images kc-elm kc-css-102883\">\n\t\n\t\t<div class=\"kc-carousel-images owl-carousel-images kc-sync1 \" data-owl-i-options='{\"items\":\"3\",\"tablet\":\"2\",\"mobile\":\"1\",\"speed\":\"500\",\"navigation\":\"yes\",\"pagination\":\"yes\",\"autoheight\":\"\",\"progressbar\":\"\",\"delay\":\"8\",\"autoplay\":\"yes\",\"showthumb\":\"\",\"num_thumb\":\"5\"}'>\n\t\n\t\t\t\t\t<div class=\"item\">\n\t\n\t\t\t<a class=\"kc-image-link kc-pretty-photo\" data-lightbox=\"kc-lightbox\" rel=\"prettyPhoto[102883]\" href=\"https:\/\/www.interadvisors.es\/wp-content\/uploads\/2021\/02\/2-scaled.jpg\"><img decoding=\"async\" src=\"https:\/\/www.interadvisors.es\/wp-content\/uploads\/2021\/02\/2-scaled.jpg\" alt=\"\" \/><\/a>\t\n\t\t\t<\/div>\n\t\n\t\t\t\t\t<div class=\"item\">\n\t\n\t\t\t<a class=\"kc-image-link kc-pretty-photo\" data-lightbox=\"kc-lightbox\" rel=\"prettyPhoto[102883]\" href=\"https:\/\/www.interadvisors.es\/wp-content\/uploads\/2021\/02\/1-scaled.jpg\"><img decoding=\"async\" src=\"https:\/\/www.interadvisors.es\/wp-content\/uploads\/2021\/02\/1-scaled.jpg\" alt=\"\" \/><\/a>\t\n\t\t\t<\/div>\n\t\n\t\t\t\t\t<div class=\"item\">\n\t\n\t\t\t<a class=\"kc-image-link kc-pretty-photo\" data-lightbox=\"kc-lightbox\" rel=\"prettyPhoto[102883]\" href=\"https:\/\/www.interadvisors.es\/wp-content\/uploads\/2021\/02\/3-scaled.jpg\"><img decoding=\"async\" src=\"https:\/\/www.interadvisors.es\/wp-content\/uploads\/2021\/02\/3-scaled.jpg\" alt=\"\" \/><\/a>\t\n\t\t\t<\/div>\n\t\n\t\t\t\t\t<div class=\"item\">\n\t\n\t\t\t<a class=\"kc-image-link kc-pretty-photo\" data-lightbox=\"kc-lightbox\" rel=\"prettyPhoto[102883]\" href=\"https:\/\/www.interadvisors.es\/wp-content\/uploads\/2021\/02\/6-scaled.jpg\"><img decoding=\"async\" src=\"https:\/\/www.interadvisors.es\/wp-content\/uploads\/2021\/02\/6-scaled.jpg\" alt=\"\" \/><\/a>\t\n\t\t\t<\/div>\n\t\n\t\t\t\t\t<div class=\"item\">\n\t\n\t\t\t<a class=\"kc-image-link kc-pretty-photo\" data-lightbox=\"kc-lightbox\" rel=\"prettyPhoto[102883]\" href=\"https:\/\/www.interadvisors.es\/wp-content\/uploads\/2021\/02\/4-scaled.jpg\"><img decoding=\"async\" src=\"https:\/\/www.interadvisors.es\/wp-content\/uploads\/2021\/02\/4-scaled.jpg\" alt=\"\" \/><\/a>\t\n\t\t\t<\/div>\n\t\n\t\t\t\t\t<div class=\"item\">\n\t\n\t\t\t<a class=\"kc-image-link kc-pretty-photo\" data-lightbox=\"kc-lightbox\" rel=\"prettyPhoto[102883]\" href=\"https:\/\/www.interadvisors.es\/wp-content\/uploads\/2021\/02\/8-scaled.jpg\"><img decoding=\"async\" src=\"https:\/\/www.interadvisors.es\/wp-content\/uploads\/2021\/02\/8-scaled.jpg\" alt=\"\" \/><\/a>\t\n\t\t\t<\/div>\n\t\n\t\t\t\t\t<div class=\"item\">\n\t\n\t\t\t<a class=\"kc-image-link kc-pretty-photo\" data-lightbox=\"kc-lightbox\" rel=\"prettyPhoto[102883]\" href=\"https:\/\/www.interadvisors.es\/wp-content\/uploads\/2021\/02\/5-scaled.jpg\"><img decoding=\"async\" src=\"https:\/\/www.interadvisors.es\/wp-content\/uploads\/2021\/02\/5-scaled.jpg\" alt=\"\" \/><\/a>\t\n\t\t\t<\/div>\n\t\n\t\t\t\t\t<div class=\"item\">\n\t\n\t\t\t<a class=\"kc-image-link kc-pretty-photo\" data-lightbox=\"kc-lightbox\" rel=\"prettyPhoto[102883]\" href=\"https:\/\/www.interadvisors.es\/wp-content\/uploads\/2021\/02\/7-scaled.jpg\"><img decoding=\"async\" src=\"https:\/\/www.interadvisors.es\/wp-content\/uploads\/2021\/02\/7-scaled.jpg\" alt=\"\" \/><\/a>\t\n\t\t\t<\/div>\n\t\n\t\t\t\n\t\t<\/div>\n\t\n\t\t\t<\/div>\n<\/div>\n<\/div><\/div><\/div><\/div><\/section>\n","protected":false},"excerpt":{"rendered":"","protected":false},"author":1,"featured_media":0,"parent":0,"menu_order":0,"comment_status":"closed","ping_status":"closed","template":"","meta":{"footnotes":""},"class_list":["post-706","page","type-page","status-publish","hentry"],"_links":{"self":[{"href":"https:\/\/www.interadvisors.es\/es\/wp-json\/wp\/v2\/pages\/706","targetHints":{"allow":["GET"]}}],"collection":[{"href":"https:\/\/www.interadvisors.es\/es\/wp-json\/wp\/v2\/pages"}],"about":[{"href":"https:\/\/www.interadvisors.es\/es\/wp-json\/wp\/v2\/types\/page"}],"author":[{"embeddable":true,"href":"https:\/\/www.interadvisors.es\/es\/wp-json\/wp\/v2\/users\/1"}],"replies":[{"embeddable":true,"href":"https:\/\/www.interadvisors.es\/es\/wp-json\/wp\/v2\/comments?post=706"}],"version-history":[{"count":6,"href":"https:\/\/www.interadvisors.es\/es\/wp-json\/wp\/v2\/pages\/706\/revisions"}],"predecessor-version":[{"id":857,"href":"https:\/\/www.interadvisors.es\/es\/wp-json\/wp\/v2\/pages\/706\/revisions\/857"}],"wp:attachment":[{"href":"https:\/\/www.interadvisors.es\/es\/wp-json\/wp\/v2\/media?parent=706"}],"curies":[{"name":"wp","href":"https:\/\/api.w.org\/{rel}","templated":true}]}}